{"id":627,"date":"2023-09-04T00:00:00","date_gmt":"2023-09-03T22:00:00","guid":{"rendered":"https:\/\/magicnobilje.com\/proizvod\/manuka-med-umf-10-500-grama\/"},"modified":"2025-09-05T14:44:13","modified_gmt":"2025-09-05T12:44:13","slug":"happy-valley-manuka-med-umf-10-mgo-263500-g-prirodna-podrska-imunitetu-i-zdravlju-cele-porodice-500-g","status":"publish","type":"product","link":"https:\/\/magicnobilje.com\/mk\/proizvod\/happy-valley-manuka-med-umf-10-mgo-263500-g-prirodna-podrska-imunitetu-i-zdravlju-cele-porodice-500-g\/","title":{"rendered":"Happy Valley Manuka med UMF 10+ (500 g) \u2013 prirodna podr\u0161ka imunitetu i zdravlju cele porodice"},"content":{"rendered":"<h2 data-start=\"1555\" data-end=\"1609\">Manuka med UMF 10+ \u2013 Prirodni proizvod sa dokazanim antibakterijskim dejstvom.<\/h2>\n<p>Drvo Manuka (<strong>Leptospermum scoparium<\/strong>) prirodno raste u netaknutim i udaljenim predelima Novog Zelanda i vekovima je po\u0161tovano zbog svojih lekovitih svojstava.<\/p>\n<p>Happy Valley nabavlja\u00a0<strong>naj\u010distiji med od manuke<\/strong>, koji se nalazi u netaknutim delovima Novog Zelanda, gde p\u010delari voze udaljenim i izolovanim putevima, pe\u0161a\u010de ili je jedini na\u010din da pri\u0111u helikopterom &#8211; sve u potrazi za \u017eetvom ovog lekovitog proizvoda.<\/p>\n<p><strong>Manuka cvet cveta samo 2-6 nedelja godi\u0161nje.<\/strong>\u00a0To zna\u010di da p\u010dele imaju samo 12 dana da sakupe nektar manuka cveta i stvore prinos manuka meda za celu godinu.<\/p>\n<p>Ne sadr\u017ee svi manuka cvetovi visoku koncentraciju\u00a0<strong>\u010detiri klju\u010dna hemijska markera manuke:<\/strong> leptosperina, metilglioksala, DHA i HMF. Dakle, i pored svog rada na opra\u0161ivanju ovog retkog cveta kako bi se stvorio manuka med, on mo\u017eda jo\u0161 uvek nema dovoljne koncentracije ova \u010detiri elementa. Zbog toga je va\u017eno obratiti pa\u017enju na sistem ocenjivanja prikazan na teglici manuka meda.<\/p>\n<h3 data-start=\"1555\" data-end=\"1609\">Manuka med UMF 10+ se posebno preporu\u010duje:<\/h3>\n<ul>\n<li>Za ja\u010danje prirodnog imuniteta<\/li>\n<li data-start=\"1610\" data-end=\"1662\">Za\u0161tita tokom sezone prehlada i gripa<\/li>\n<li data-start=\"1663\" data-end=\"1794\">Kao podr\u0161ka digestivnom sistemu i za balans crevne flore<\/li>\n<li data-start=\"1663\" data-end=\"1794\">Za oporavak od virusnih i bakterijskih infekcija<\/li>\n<li data-start=\"1842\" data-end=\"1975\">Kod ubla\u017eavanja simptoma alergija<\/li>\n<\/ul>\n<p data-start=\"3199\" data-end=\"3301\">\n","protected":false},"excerpt":{"rendered":"<p data-start=\"2054\" data-end=\"2124\">MANUKA MED UMF\u2122 10+ je sirov med sa optimalnom koncentracijom <strong data-start=\"254\" data-end=\"278\">metilglioksala (MGO)<\/strong>\u00a0(minimum\u00a0<strong data-start=\"288\" data-end=\"301\">263 mg\/kg).\u00a0<\/strong><\/p>\n<ul>\n<li data-start=\"2126\" data-end=\"2375\"><strong>Ja\u010da imunitet<\/strong><\/li>\n<li data-start=\"2126\" data-end=\"2375\"><strong>Podr\u017eava zdravlje digestivnog trakta<\/strong><\/li>\n<li data-start=\"2126\" data-end=\"2375\"><strong>Poma\u017ee kod prehlada i respiratornih tegoba<\/strong><\/li>\n<\/ul>\n","protected":false},"featured_media":2923,"template":"","meta":{"_acf_changed":false,"_seopress_robots_primary_cat":"none","_seopress_titles_title":"Manuka med UMF 10+ Happy Valley \u2013 zdravlje za celu porodicu","_seopress_titles_desc":"Sirov Manuka med UMF 10+ iz Novog Zelanda za ja\u010danje imuniteta, zdravlje probave i prirodnu negu cele porodice. Proveren kvalitet i autenti\u010dnost.","_seopress_robots_index":"","inline_featured_image":false},"product_brand":[],"product_cat":[4588,567],"product_tag":[385,4472,149],"class_list":{"0":"post-627","1":"product","2":"type-product","3":"status-publish","4":"has-post-thumbnail","6":"product_cat-manuka-med","7":"product_cat-nekategorizovano","8":"product_tag-alergija","9":"product_tag-helikobakterija","10":"product_tag-imunitet","12":"first","13":"instock","14":"taxable","15":"shipping-taxable","16":"purchasable","17":"product-type-simple"},"acf":[],"_links":{"self":[{"href":"https:\/\/magicnobilje.com\/mk\/wp-json\/wp\/v2\/product\/627","targetHints":{"allow":["GET"]}}],"collection":[{"href":"https:\/\/magicnobilje.com\/mk\/wp-json\/wp\/v2\/product"}],"about":[{"href":"https:\/\/magicnobilje.com\/mk\/wp-json\/wp\/v2\/types\/product"}],"wp:featuredmedia":[{"embeddable":true,"href":"https:\/\/magicnobilje.com\/mk\/wp-json\/wp\/v2\/media\/2923"}],"wp:attachment":[{"href":"https:\/\/magicnobilje.com\/mk\/wp-json\/wp\/v2\/media?parent=627"}],"wp:term":[{"taxonomy":"product_brand","embeddable":true,"href":"https:\/\/magicnobilje.com\/mk\/wp-json\/wp\/v2\/product_brand?post=627"},{"taxonomy":"product_cat","embeddable":true,"href":"https:\/\/magicnobilje.com\/mk\/wp-json\/wp\/v2\/product_cat?post=627"},{"taxonomy":"product_tag","embeddable":true,"href":"https:\/\/magicnobilje.com\/mk\/wp-json\/wp\/v2\/product_tag?post=627"}],"curies":[{"name":"wp","href":"https:\/\/api.w.org\/{rel}","templated":true}]}}