{"id":5734,"date":"2024-07-17T18:32:00","date_gmt":"2024-07-17T16:32:00","guid":{"rendered":"https:\/\/magicnobilje.com\/?post_type=product&#038;p=5734"},"modified":"2026-04-30T17:44:56","modified_gmt":"2026-04-30T15:44:56","slug":"mico-leo-lavlja-griva-lekovita-gljiva-za-anksioznost-pamcenje-i-zdravu-probavu","status":"publish","type":"product","link":"https:\/\/magicnobilje.com\/mk\/proizvod\/mico-leo-lavlja-griva-lekovita-gljiva-za-anksioznost-pamcenje-i-zdravu-probavu\/","title":{"rendered":"Mico-Leo \u2013 ekstrakt lavlje gljive za anksioznost i zdravu probavu"},"content":{"rendered":"<h2 data-start=\"152\" data-end=\"355\">Mico-Leo poma\u017ee sa problemima fokusa, mentalnog zamora, anksioznosti, blagom depresijom, stresom ili tegobama sa varenjem koje su povezane sa nervnim sistemom \u2013 prirodan put do jasno\u0107e uma i unutra\u0161nje ravnote\u017ee.<\/h2>\n<p data-start=\"357\" data-end=\"763\">Ovaj dodatak ishrani nove generacije sadr\u017ei visokoefikasan ekstrakt Lavlje grive (Hericium erinaceus), gljive poznate po regenerativnom delovanju na nerve, kognitivne funkcije i crevnu sluzoko\u017eu. Klini\u010dki razvijen u Evropi, Mico Leo sadr\u017ei isklju\u010divo BIO ekstrakt plodonosnog tela gljive (bez micelijuma i \u017eitarica), uz dodatak prirodnog vitamina C iz acerole za bolju apsorpciju i antioksidativnu za\u0161titu.<\/p>\n<p data-start=\"765\" data-end=\"1030\"><strong data-start=\"768\" data-end=\"805\">Lavlja griva (Hericium erinaceus)<\/strong> stimuli\u0161e rast nervnih \u0107elija (NGF), podr\u017eava regeneraciju o\u0161te\u0107enih nerava, pobolj\u0161ava fokus, memoriju i smanjuje anksioznost. Idealan je izbor za sve koji \u017eele da unaprede funkciju mozga ili se oporave od stresnih perioda.<\/p>\n<p data-start=\"1032\" data-end=\"1182\"><strong data-start=\"1035\" data-end=\"1056\">GABA i Hericenoni<\/strong> prisutni u ovom ekstraktu imaju direktan uticaj na umirenje centralnog nervnog sistema i pobolj\u0161anje kognitivne plasti\u010dnosti.<\/p>\n<p data-start=\"1184\" data-end=\"1293\"><strong data-start=\"1187\" data-end=\"1201\">Ergosterol<\/strong>, prirodni prekurzor vitamina D2, doprinosi za\u0161titi nervnog tkiva i funkciji imunog sistema.<\/p>\n<p data-start=\"1295\" data-end=\"1403\"><strong data-start=\"1298\" data-end=\"1322\">Vitamin C iz acerole<\/strong> doprinosi smanjenju umora i iscrpljenosti i \u0161titi \u0107elije od oksidativnog stresa.<\/p>\n<h3 data-start=\"1405\" data-end=\"1844\">Mico-Leo se posebno preporu\u010duje:<\/h3>\n<ul>\n<li data-start=\"1405\" data-end=\"1844\">Osobama koje pate od anksioznosti ili mentalne iscrpljenosti<\/li>\n<li data-start=\"1405\" data-end=\"1844\">Kod problema sa koncentracijom i pam\u0107enjem<\/li>\n<li data-start=\"1405\" data-end=\"1844\">Starijim osobama u prevenciji neurodegenerativnih stanja<\/li>\n<li data-start=\"1405\" data-end=\"1844\">Osobama sa o\u0161te\u0107enjem nerava (neuropatije)<\/li>\n<li data-start=\"1405\" data-end=\"1844\">Kod digestivnih problema uzrokovanih stresom ili anksiozno\u0161\u0107u<\/li>\n<\/ul>\n<p data-start=\"1846\" data-end=\"2016\">Zahvaljuju\u0107i sinergiji \u03b2-glukana, hericenona, GABA, ergosterola i vitamina C, Mico Leo pru\u017ea sna\u017enu neurolo\u0161ku i antiinflamatornu podr\u0161ku, bez nuspojava i bez kompromisa.<\/p>\n<p data-start=\"2018\" data-end=\"2133\">Ako tra\u017eite prirodno, mo\u0107no i dokazano re\u0161enje za podr\u0161ku mozgu i nervnom sistemu \u2013 Mico Leo je va\u0161a gljiva izbora.<\/p>\n","protected":false},"excerpt":{"rendered":"<div class=\"elementor-element elementor-element-5908bd7d elementor-widget elementor-widget-heading\" data-id=\"5908bd7d\" data-element_type=\"widget\" data-widget_type=\"heading.default\">\n<div class=\"elementor-widget-container\">\n<p class=\"elementor-heading-title elementor-size-default\">Oja\u010dajte pam\u0107enje, povratite fokus i za\u0161titite mozak \u2013 prirodnim putem, bez stimulansa.<br data-start=\"370\" data-end=\"373\" \/><strong data-start=\"373\" data-end=\"389\">Lavlja griva<\/strong> je lekovita gljiva koja podsti\u010de regeneraciju nervnog sistema i prirodnu obnovu mo\u017edanih funkcija.<br data-start=\"488\" data-end=\"491\" \/>Koristi se kao podr\u0161ka kod <strong data-start=\"518\" data-end=\"588\">zaboravnosti, demencije, Alchajmerove bolesti i kognitivnog zamora<\/strong>.<\/p>\n<\/div>\n<\/div>\n","protected":false},"featured_media":31955,"template":"","meta":{"_acf_changed":false,"_seopress_robots_primary_cat":"none","_seopress_titles_title":"Mico-Leo - ekstrakt lavlje grive za anksioznost i nerve","_seopress_titles_desc":"Oja\u010dajte pam\u0107enje i mentalnu jasno\u0107u prirodno \u2013 Mico-Leo obnavlja mo\u017edane \u0107elije i podr\u017eava nervni sistem bez kofeina i bez nuspojava.","_seopress_robots_index":"","inline_featured_image":false},"product_brand":[4573],"product_cat":[4585],"product_tag":[4457,613,4660],"class_list":{"0":"post-5734","1":"product","2":"type-product","3":"status-publish","4":"has-post-thumbnail","6":"product_brand-hifas-da-terra","7":"product_cat-lekovite-gljive-hifas","8":"product_tag-anksioznost","9":"product_tag-digestivne-tegobe","10":"product_tag-neuropatije","11":"zdravstveni_problem-digestivni-sistem","12":"zdravstveni_problem-mozakmemorijafokus","14":"first","15":"instock","16":"taxable","17":"shipping-taxable","18":"purchasable","19":"product-type-simple"},"acf":[],"_links":{"self":[{"href":"https:\/\/magicnobilje.com\/mk\/wp-json\/wp\/v2\/product\/5734","targetHints":{"allow":["GET"]}}],"collection":[{"href":"https:\/\/magicnobilje.com\/mk\/wp-json\/wp\/v2\/product"}],"about":[{"href":"https:\/\/magicnobilje.com\/mk\/wp-json\/wp\/v2\/types\/product"}],"wp:featuredmedia":[{"embeddable":true,"href":"https:\/\/magicnobilje.com\/mk\/wp-json\/wp\/v2\/media\/31955"}],"wp:attachment":[{"href":"https:\/\/magicnobilje.com\/mk\/wp-json\/wp\/v2\/media?parent=5734"}],"wp:term":[{"taxonomy":"product_brand","embeddable":true,"href":"https:\/\/magicnobilje.com\/mk\/wp-json\/wp\/v2\/product_brand?post=5734"},{"taxonomy":"product_cat","embeddable":true,"href":"https:\/\/magicnobilje.com\/mk\/wp-json\/wp\/v2\/product_cat?post=5734"},{"taxonomy":"product_tag","embeddable":true,"href":"https:\/\/magicnobilje.com\/mk\/wp-json\/wp\/v2\/product_tag?post=5734"}],"curies":[{"name":"wp","href":"https:\/\/api.w.org\/{rel}","templated":true}]}}