{"id":4917,"date":"2024-04-08T13:12:54","date_gmt":"2024-04-08T11:12:54","guid":{"rendered":"https:\/\/magicnobilje.com\/?post_type=product&#038;p=4917"},"modified":"2026-05-04T12:04:49","modified_gmt":"2026-05-04T10:04:49","slug":"resveratrol-60-kapsula","status":"publish","type":"product","link":"https:\/\/magicnobilje.com\/mk\/proizvod\/resveratrol-60-kapsula\/","title":{"rendered":"Resveratrol Yvery \u2013 prirodni antioksidans za srce, krvne sudove i cirkulaciju"},"content":{"rendered":"<h2>Interesovanje javnosti za Resveratrol poraslo je nakon otkri\u0107a poznatog francuskog paradoksa. Naime, nau\u010dnici su se godinama pitali za\u0161to Francuzi \u010dija je ishrana bogata mastima imaju nisku stopu sr\u010danih oboljenja. Me\u0111u obja\u0161njenjima isti\u010de se prisustvo resveratrola u njihovoj svakodnevnoj ishrani.<\/h2>\n<p>&nbsp;<\/p>\n<p class=\"t pg-1m0 pg-1x1 pg-1h3 pg-1y3 pg-1ff1 pg-1fs0 pg-1fc0 pg-1sc0 pg-1ls0 pg-1ws0\">RESVERATROL\u00aeYvery je prirodni dodatak ishrani na bazi Trans-resveratrola sa stepenom \u010disto\u0107e ve\u0107im od 98%. Jedinstven je po svojoj bioraspolo\u017eivosti.<\/p>\n<p>Resveratrol je prirodni polifenol koji pripada grupi flavonoida. Poznat je po svom jakom antioksidativnom delovanju, \u0161to je zna\u010dajno za umanjenje rizika od nastanka kardiovaskularnih oboljenja jer deluje na nivo triglicerida i holesterola LDL, koji su odgovorni za razvoj tih oboljenja.<\/p>\n<p>Neutrali\u0161e slobodne radikale u organizmu i na taj na\u010din \u0161titi organizam od njihovog \u0161tetnog delovanja. Pored toga poseduje i anti-upalno delovanje.<\/p>\n<h3 data-start=\"531\" data-end=\"617\"><\/h3>\n<h3 data-start=\"531\" data-end=\"617\">RESVERATROL\u00aeYvery se posebno preporu\u010duje:<\/h3>\n<ul>\n<li data-start=\"531\" data-end=\"617\">Osobama sa povi\u0161enim vrednostim lo\u0161eg holesterola i triglicerida<\/li>\n<li data-start=\"531\" data-end=\"617\">U slu\u010dajevima rizika za nastanak ateroskleroze<\/li>\n<li data-start=\"531\" data-end=\"617\">Kao za\u0161tita od infarkta ili \u0161loga<\/li>\n<li data-start=\"531\" data-end=\"617\">Osobama koje pate od povi\u0161enog krvnog pritiska<\/li>\n<\/ul>\n<p>&nbsp;<\/p>\n<div class=\"flex max-w-full flex-col grow\">\n<div class=\"min-h-8 text-message relative flex w-full flex-col items-end gap-2 text-start break-words whitespace-normal [.text-message+&amp;]:mt-5\" dir=\"auto\" data-message-author-role=\"assistant\" data-message-id=\"823e3bec-13d7-401d-a825-f7a6e5e2ea56\" data-message-model-slug=\"gpt-5\">\n<div class=\"flex w-full flex-col gap-1 empty:hidden first:pt-[3px]\">\n<div class=\"markdown prose dark:prose-invert w-full break-words light markdown-new-styling\">\n<p data-start=\"0\" data-end=\"347\" data-is-last-node=\"\" data-is-only-node=\"\">Ako tra\u017eite prirodnu i sna\u017enu podr\u0161ku za zdravlje srca, bolju cirkulaciju i dugove\u010dnost, Resveratrol Yvery je idealan saveznik za va\u0161u svakodnevnu rutinu. Njegovo delovanje poma\u017ee u ja\u010danju krvnih sudova, odr\u017eavanju normalnog krvnog pritiska i za\u0161titi \u0107elija od oksidativnog stresa, \u010dime se usporava proces starenja i doprinosi vitalnosti organizma.<\/p>\n<\/div>\n<\/div>\n<\/div>\n<\/div>\n<div class=\"flex min-h-[46px] justify-start\"><\/div>\n<div class=\"mt-3 w-full empty:hidden\">\n<div class=\"text-center\">\n<div>\n<div class=\"inline-flex border border-gray-100 dark:border-gray-700 rounded-xl\">\n<div class=\"text-token-text-secondary flex items-center justify-center gap-4 px-4 py-2.5 text-sm whitespace-nowrap\"><\/div>\n<\/div>\n<\/div>\n<\/div>\n<\/div>\n","protected":false},"excerpt":{"rendered":"<p data-start=\"369\" data-end=\"516\">Resveratrol Yvery \u2013 prirodna podr\u0161ka za zdravo srce, sna\u017ene krvne sudove i optimalnu cirkulaciju. Deluje kao jak antioksidans koji \u0161titi \u0107elije od oksidativnog stresa, ja\u010da imunitet i doprinosi dugove\u010dnosti i vitalnosti organizma.<\/p>\n","protected":false},"featured_media":6466,"template":"","meta":{"_acf_changed":false,"_seopress_robots_primary_cat":"none","_seopress_titles_title":"Resveratrol Yvery \u2013 prirodna podr\u0161ka srcu i krvnim sudovima","_seopress_titles_desc":"Prirodni Resveratrol Yvery pobolj\u0161ava zdravlje srca, krvnih sudova, cirkulaciju i \u0161titi \u0107elije od oksidativnog stresa.","_seopress_robots_index":"","inline_featured_image":false},"product_brand":[],"product_cat":[4594],"product_tag":[4460,327,328],"class_list":{"0":"post-4917","1":"product","2":"type-product","3":"status-publish","4":"has-post-thumbnail","6":"product_cat-specijalni-suplementi","7":"product_tag-ateroskleroza","8":"product_tag-srce","9":"product_tag-trigliceridi","10":"zdravstveni_problem-srce-i-krvni-sudovi","12":"first","13":"instock","14":"taxable","15":"shipping-taxable","16":"purchasable","17":"product-type-simple"},"acf":[],"_links":{"self":[{"href":"https:\/\/magicnobilje.com\/mk\/wp-json\/wp\/v2\/product\/4917","targetHints":{"allow":["GET"]}}],"collection":[{"href":"https:\/\/magicnobilje.com\/mk\/wp-json\/wp\/v2\/product"}],"about":[{"href":"https:\/\/magicnobilje.com\/mk\/wp-json\/wp\/v2\/types\/product"}],"wp:featuredmedia":[{"embeddable":true,"href":"https:\/\/magicnobilje.com\/mk\/wp-json\/wp\/v2\/media\/6466"}],"wp:attachment":[{"href":"https:\/\/magicnobilje.com\/mk\/wp-json\/wp\/v2\/media?parent=4917"}],"wp:term":[{"taxonomy":"product_brand","embeddable":true,"href":"https:\/\/magicnobilje.com\/mk\/wp-json\/wp\/v2\/product_brand?post=4917"},{"taxonomy":"product_cat","embeddable":true,"href":"https:\/\/magicnobilje.com\/mk\/wp-json\/wp\/v2\/product_cat?post=4917"},{"taxonomy":"product_tag","embeddable":true,"href":"https:\/\/magicnobilje.com\/mk\/wp-json\/wp\/v2\/product_tag?post=4917"}],"curies":[{"name":"wp","href":"https:\/\/api.w.org\/{rel}","templated":true}]}}