{"id":32928,"date":"2025-07-23T17:18:20","date_gmt":"2025-07-23T15:18:20","guid":{"rendered":"https:\/\/magicnobilje.com\/?post_type=product&#038;p=32928"},"modified":"2026-04-30T17:18:18","modified_gmt":"2026-04-30T15:18:18","slug":"shilajit-smola-za-testosteron-i-energiju-jedini-original-sa-himalaja","status":"publish","type":"product","link":"https:\/\/magicnobilje.com\/mk\/proizvod\/shilajit-smola-za-testosteron-i-energiju-jedini-original-sa-himalaja\/","title":{"rendered":"Himalayan Healing Shilajit smola &#8211; jedini original sa Himalaja"},"content":{"rendered":"<h2 data-start=\"47\" data-end=\"228\">Shilajit poma\u017ee kod umora, iscrpljenosti i slabog imuniteta, vra\u0107a vitalnost, fokus i snagu organizmu na potpuno prirodan na\u010din.<\/h2>\n<p data-start=\"246\" data-end=\"592\">Healing Shilajit se prikuplja u netaknutoj prirodi na visokim planinskim vrhovima <strong>Himalaja, u Gilgit-Baltistanu (Pakistan)<\/strong>, na oko 5000 metara nadmorske visine. Ova lokacija je poznata po najkvalitetnijem shilajitu na svetu. Nakon prikupljanja, smola se pa\u017eljivo su\u0161i na suncu (sun-dried) kako bi zadr\u017eala svoju maksimalnu \u010disto\u0107u i potentnost.<\/p>\n<h2 data-start=\"599\" data-end=\"631\">Shilajit se posebno preporu\u010duje:<\/h2>\n<h4 data-start=\"633\" data-end=\"660\">Osobama sa oslabljenim imunolo\u0161kim sistemom<\/h4>\n<p data-start=\"661\" data-end=\"776\">Doprinosi ja\u010danju prirodne otpornosti organizma zahvaljuju\u0107i bogatstvu fulvi\u010dne kiseline i esencijalnih minerala.<\/p>\n<h4 data-start=\"661\" data-end=\"776\">Kod hroni\u010dnog umora, iscrpljenosti organizma i pada energije<\/h4>\n<p data-start=\"816\" data-end=\"945\">Shilajit deluje kao adaptogen i prirodni stimulator mitohondrijske funkcije, poma\u017eu\u0107i telu da se izbori sa fizi\u010dkim i mentalnim naporom.<\/p>\n<h4 data-start=\"947\" data-end=\"973\">Osobama sa optere\u0107enjem jetre (alkohol, lekovi, masna jetra)<\/h4>\n<p data-start=\"974\" data-end=\"1065\">Poma\u017ee jetri u regeneraciji i izbacivanju toksina iz tela (alkohol, lekovi, masna jetra).<\/p>\n<h4 data-start=\"1067\" data-end=\"1110\">Mu\u0161karcima sa sni\u017eenim nivoom testosterona<\/h4>\n<p data-start=\"1111\" data-end=\"1206\">Pove\u0107ava nivo slobodnog i ukupnog testosterona, pobolj\u0161ava libido, vitalnost i fizi\u010dku snagu.<\/p>\n<h3 data-start=\"1208\" data-end=\"1247\">\u017denama sa neregularnim ciklusima, izra\u017eenim predmenstrualnim sindromom (PMS) i simptomima menopauze.<\/h3>\n<p data-start=\"1248\" data-end=\"1334\">Ubla\u017eava simptome neregularnih ciklusa, predmenstrualnog sindroma (PMS) i menopauze.<\/p>\n<h2 data-start=\"1341\" data-end=\"1388\">Za\u0161to odabrati Himalayan Healing Shilajit?<\/h2>\n<ul data-start=\"1389\" data-end=\"1500\">\n<li data-start=\"1389\" data-end=\"1464\">\n<p data-start=\"1391\" data-end=\"1464\">\u00a0Bezbedan i laboratorijski ispitan \u2013 bez te\u0161kih metala i kontaminanata<\/p>\n<\/li>\n<li data-start=\"1465\" data-end=\"1500\">\n<p data-start=\"1467\" data-end=\"1500\">\u00a0100% \u010dista smola, bez aditiva<\/p>\n<\/li>\n<\/ul>\n","protected":false},"excerpt":{"rendered":"<p data-start=\"796\" data-end=\"1240\">Oja\u010dajte imunitet, izborite se sa hroni\u010dnim umorom i povratite energiju prirodnim putem. <strong>Healing Shilajit je<\/strong>\u00a0<strong>100% prirodna himalajska smola<\/strong>, ima imunomodulatorna svojstva i pove\u0107ava energiju na \u0107elijskom nivou zahvaljuju\u0107i svom jedinstvenom sastavu.<\/p>\n","protected":false},"featured_media":33099,"template":"","meta":{"_acf_changed":false,"_seopress_robots_primary_cat":"none","_seopress_titles_title":"Shilajit smola za testosteron i energiju | Magi\u010dno Bilje","_seopress_titles_desc":"Originalna himalajska shilajit smola, podi\u017ee testosteron i energiju. Jedini odobren od Ministarstva zdravlja Srbije.","_seopress_robots_index":"","inline_featured_image":false},"product_brand":[],"product_cat":[4596,4594],"product_tag":[189,149,4627],"class_list":{"0":"post-32928","1":"product","2":"type-product","3":"status-publish","4":"has-post-thumbnail","6":"product_cat-novo","7":"product_cat-specijalni-suplementi","8":"product_tag-detoksikacija","9":"product_tag-imunitet","10":"product_tag-testosteron","11":"zdravstveni_problem-energija-i-izdrzljivost","12":"zdravstveni_problem-kosti-zglobovi-i-misici","14":"first","15":"instock","16":"taxable","17":"shipping-taxable","18":"purchasable","19":"product-type-simple"},"acf":[],"_links":{"self":[{"href":"https:\/\/magicnobilje.com\/mk\/wp-json\/wp\/v2\/product\/32928","targetHints":{"allow":["GET"]}}],"collection":[{"href":"https:\/\/magicnobilje.com\/mk\/wp-json\/wp\/v2\/product"}],"about":[{"href":"https:\/\/magicnobilje.com\/mk\/wp-json\/wp\/v2\/types\/product"}],"wp:featuredmedia":[{"embeddable":true,"href":"https:\/\/magicnobilje.com\/mk\/wp-json\/wp\/v2\/media\/33099"}],"wp:attachment":[{"href":"https:\/\/magicnobilje.com\/mk\/wp-json\/wp\/v2\/media?parent=32928"}],"wp:term":[{"taxonomy":"product_brand","embeddable":true,"href":"https:\/\/magicnobilje.com\/mk\/wp-json\/wp\/v2\/product_brand?post=32928"},{"taxonomy":"product_cat","embeddable":true,"href":"https:\/\/magicnobilje.com\/mk\/wp-json\/wp\/v2\/product_cat?post=32928"},{"taxonomy":"product_tag","embeddable":true,"href":"https:\/\/magicnobilje.com\/mk\/wp-json\/wp\/v2\/product_tag?post=32928"}],"curies":[{"name":"wp","href":"https:\/\/api.w.org\/{rel}","templated":true}]}}