{"id":1829,"date":"2023-09-28T13:17:53","date_gmt":"2023-09-28T11:17:53","guid":{"rendered":"https:\/\/magicnobilje.com\/?post_type=product&#038;p=1829"},"modified":"2025-09-25T15:56:04","modified_gmt":"2025-09-25T13:56:04","slug":"nattokinase-and-kefir","status":"publish","type":"product","link":"https:\/\/magicnobilje.com\/mk\/proizvod\/nattokinase-and-kefir\/","title":{"rendered":"NATTOKINASE AND KEFIR &#8211; ZA KRVNI PRITISAK, HOLESTEROL I PREVENCIJU TROMBA"},"content":{"rendered":"<h2>Problemi sa trombozom, varijacijama krvnog pritiska, aterosklerotskim plakom ili lo\u0161om cirkulacijom zahtevaju dodatnu pa\u017enju. Uz standardnu terapiju, prirodna dopuna poput natokinaze i kefira mo\u017ee zna\u010dajno podr\u017eati zdravlje arterija i pomo\u0107i u prevenciji napredovanja bolesti.<\/h2>\n<p class=\"entry-title\"><strong>Natto<\/strong> je tradicionalno japansko jelo od fermentisane soje. Fermentaciju sprovodi bakterija <strong data-start=\"267\" data-end=\"296\"><em data-start=\"269\" data-end=\"294\">Bacillus subtilis natto<\/em><\/strong>. <strong>Enzim Natokinaza <\/strong>otkriven je u lepljivom delu natto jela. Kefir omogu\u0107ava bolju apsorpciju natokinaze.<\/p>\n<p>Dr <strong data-start=\"268\" data-end=\"285\">Hiroyuki Sumi<\/strong>, japanski biohemi\u010dar i istra\u017eiva\u010d na Medicinskom fakultetu Univerziteta u \u010cikagu, posvetio je karijeru pronala\u017eenju prirodnih supstanci koje mogu <strong data-start=\"432\" data-end=\"480\">bezbedno razgra\u0111ivati krvne ugru\u0161ke (trombove)<\/strong> \u2013 glavni uzrok mo\u017edanog i sr\u010danog udara.<\/p>\n<p data-start=\"578\" data-end=\"864\">Dr Sumi je testirao razli\u010dite fermentisane namirnice na njihovu sposobnost da <strong data-start=\"656\" data-end=\"707\">rastvore ve\u0161ta\u010dke ugru\u0161ke u Petrijevim posudama<\/strong>. Kada je dodao <strong data-start=\"723\" data-end=\"732\">natto<\/strong> (fermentisanu soju), ugru\u0161ak je bio <strong data-start=\"769\" data-end=\"815\">skoro potpuno razgra\u0111en nakon samo 18 sati<\/strong> \u2013 dok su druge namirnice imale minimalan efekat.<\/p>\n<p data-start=\"866\" data-end=\"1008\">On je ovaj enzim <strong data-start=\"883\" data-end=\"905\">izolovao iz natto jela<\/strong>, i nazvao ga <strong data-start=\"919\" data-end=\"936\">\u201enatokinaza\u201c<\/strong> \u2013 \u0161to zna\u010di: <strong data-start=\"950\" data-end=\"1007\">enzim iz natto-a koji ima enzimsku aktivnost<\/strong>.<\/p>\n<h2><\/h2>\n<h2>NATTOKINASE AND KEFIR se posebno preporu\u010duje:<\/h2>\n<ul>\n<li data-start=\"2864\" data-end=\"2953\">\n<p data-start=\"2866\" data-end=\"2953\">Osobama koje imaju <strong data-start=\"2872\" data-end=\"2905\">potvr\u0111en aterosklerotski plak<\/strong> (karotidne, koronarne ili periferne arterije)<\/p>\n<\/li>\n<li data-start=\"2954\" data-end=\"3021\">\n<p data-start=\"2956\" data-end=\"3021\">Osobama koje imaju povi\u0161en <strong data-start=\"2970\" data-end=\"3019\">LDL holesterol<\/strong><\/p>\n<\/li>\n<li data-start=\"3022\" data-end=\"3076\">\n<p data-start=\"3024\" data-end=\"3076\">Osobama koje su u rizi\u010dnoj grupi za <strong data-start=\"3047\" data-end=\"3074\">sr\u010dani ili mo\u017edani udar<\/strong><\/p>\n<\/li>\n<li data-start=\"3077\" data-end=\"3150\">\n<p data-start=\"3079\" data-end=\"3150\">Osobama koje imaju istoriju <strong data-start=\"3094\" data-end=\"3148\">hipertenzije, dijabetesa ili metaboli\u010dkog sindroma<\/strong><\/p>\n<\/li>\n<li data-start=\"3151\" data-end=\"3228\">\n<p data-start=\"3153\" data-end=\"3228\">Osobama koje \u017eele dodatnu, <strong data-start=\"3167\" data-end=\"3228\">prirodnu pomo\u0107 uz standardnu terapiju za pritisak ili holesterol<\/strong><\/p>\n<\/li>\n<\/ul>\n<p>Kombinacija <strong data-start=\"3797\" data-end=\"3821\">natokinaze i kefira<\/strong> predstavlja <strong data-start=\"3834\" data-end=\"3885\">funkcionalan, bezbedan i nau\u010dno potvr\u0111en pristup<\/strong> u prevenciji i podr\u0161ci kod tromboze, hipertenzije, aterosklerotskog plaka i sistemske cirkulatorne disfunkcije.<\/p>\n","protected":false},"excerpt":{"rendered":"<p>Smanjite rizik za nastanak sr\u010danog i mo\u017edanog udara uz natokinazu, enzim izolovan iz tradicionalnog japanskog natto jela. Laboratorijske studije sugeri\u0161u da natokinaza mo\u017ee da razgradi fibrin u krvi koji stvara ugru\u0161ke i <strong>smanji viskozitet krvi<\/strong>, a time i <strong>krvni pritisak<\/strong>. <strong>Kefir<\/strong> omogu\u0107ava bolju apsorpciju natokinaze.<\/p>\n<p>&nbsp;<\/p>\n","protected":false},"featured_media":31975,"template":"","meta":{"_acf_changed":false,"_seopress_robots_primary_cat":"none","_seopress_titles_title":"Nattokinase and Kefir \u2013 za\u0161tita srca i krvnih sudova","_seopress_titles_desc":"Nattokinase and Kefir kapsule podr\u017eavaju zdravlje arterija, razgra\u0111uju fibrin, sni\u017eavaju pritisak i poma\u017eu u prevenciji tromboze i ateroskleroze.","_seopress_robots_index":"","inline_featured_image":false},"product_brand":[],"product_cat":[4586],"product_tag":[333,4463,4462],"class_list":{"0":"post-1829","1":"product","2":"type-product","3":"status-publish","4":"has-post-thumbnail","6":"product_cat-japanski-suplementi","7":"product_tag-holesterol","8":"product_tag-pritisak","9":"product_tag-tromboza","10":"zdravstveni_problem-srce-i-krvni-sudovi","12":"first","13":"instock","14":"taxable","15":"shipping-taxable","16":"purchasable","17":"product-type-simple"},"acf":[],"_links":{"self":[{"href":"https:\/\/magicnobilje.com\/mk\/wp-json\/wp\/v2\/product\/1829","targetHints":{"allow":["GET"]}}],"collection":[{"href":"https:\/\/magicnobilje.com\/mk\/wp-json\/wp\/v2\/product"}],"about":[{"href":"https:\/\/magicnobilje.com\/mk\/wp-json\/wp\/v2\/types\/product"}],"wp:featuredmedia":[{"embeddable":true,"href":"https:\/\/magicnobilje.com\/mk\/wp-json\/wp\/v2\/media\/31975"}],"wp:attachment":[{"href":"https:\/\/magicnobilje.com\/mk\/wp-json\/wp\/v2\/media?parent=1829"}],"wp:term":[{"taxonomy":"product_brand","embeddable":true,"href":"https:\/\/magicnobilje.com\/mk\/wp-json\/wp\/v2\/product_brand?post=1829"},{"taxonomy":"product_cat","embeddable":true,"href":"https:\/\/magicnobilje.com\/mk\/wp-json\/wp\/v2\/product_cat?post=1829"},{"taxonomy":"product_tag","embeddable":true,"href":"https:\/\/magicnobilje.com\/mk\/wp-json\/wp\/v2\/product_tag?post=1829"}],"curies":[{"name":"wp","href":"https:\/\/api.w.org\/{rel}","templated":true}]}}