{"id":1365,"date":"2023-09-19T00:00:00","date_gmt":"2023-09-18T22:00:00","guid":{"rendered":"https:\/\/magicnobilje.com\/proizvod\/caga-suvi-vodeni-ekstrakt-sibirske-cage-u-prahu-100gr-2\/"},"modified":"2025-09-05T16:06:42","modified_gmt":"2025-09-05T14:06:42","slug":"baikal-herbs-mocna-divlja-sibirska-caga-za-imunitet-vitalnost-i-dugovecnost","status":"publish","type":"product","link":"https:\/\/magicnobilje.com\/mk\/proizvod\/baikal-herbs-mocna-divlja-sibirska-caga-za-imunitet-vitalnost-i-dugovecnost\/","title":{"rendered":"\u010caga ekstrakt Baikal Herbs &#8211; original iz Sibira"},"content":{"rendered":"<h2>Baikal herbs \u010daga je 100% \u010dist ekstrakt, napravljen od divlje \u010dage iz Sibira. On sadr\u017ei 50,32% polisaharida i preko 33%\u00a0 betaglukana. Prema ruskim standardima, za proizvode od \u010dage klju\u010dan je procenat hromogenskog kompleksa koji mora da bude najmanje 10%.<\/h2>\n<p>Pod hromogenskim kompleksom podrazumeva se udeo polifenola,<br \/>\nhumi\u010dne kiseline i melanina. On obezbe\u0111uje visok udeo antioksidansa, zbog \u010dega je \u010daga i zna\u010dajna za zdravlje. Sto posto \u010dist ekstrakt \u010dage ima \u010dak 57% hromogenskog kompleksa. Baikal Herbs koristi tehnologiju liofilizacije kako bi se o\u010duvali hranljivi sastojci \u010dage u ekstraktu.<br \/>\nPoznat je po visokom kvalitetu i efikasnosti.<\/p>\n<p>&nbsp;<\/p>\n<h3>Sibirska \u010daga -zdravstvene koristi<\/h3>\n<ul data-start=\"1276\" data-end=\"2075\">\n<li data-start=\"1276\" data-end=\"1440\">\n<p data-start=\"1278\" data-end=\"1440\"><strong data-start=\"1278\" data-end=\"1297\">Imunomodulacija<\/strong>: Pove\u0107ava proizvodnju belih krvnih zrnaca, uklju\u010duju\u0107i makrofage i NK \u0107elije, koje su klju\u010dne za prepoznavanje i uni\u0161tavanje zara\u017eenih \u0107elija.<\/p>\n<\/li>\n<li data-start=\"1441\" data-end=\"1616\">\n<p data-start=\"1443\" data-end=\"1616\"><strong data-start=\"1443\" data-end=\"1467\">Protivupalna svojstva<\/strong>: Smanjuje proizvodnju proinflamatornih citokina, \u0161to mo\u017ee pomo\u0107i u ubla\u017eavanju simptoma autoimunih bolesti, artritisa i drugih inflamatornih stanja.<\/p>\n<\/li>\n<li data-start=\"1617\" data-end=\"1752\">\n<p data-start=\"1619\" data-end=\"1752\"><strong data-start=\"1619\" data-end=\"1644\">Antivirusna aktivnost<\/strong>: Inhibira replikaciju virusa unutar \u0107elija doma\u0107ina, poma\u017eu\u0107i u smanjenju viralnog optere\u0107enja u organizmu.<\/p>\n<\/li>\n<li data-start=\"1753\" data-end=\"1886\">\n<p data-start=\"1755\" data-end=\"1886\"><strong data-start=\"1755\" data-end=\"1784\">Pove\u0107ava otpornost na stres<\/strong>: Ubla\u017eava simptome povezane sa povi\u0161enim nivoima stresa i reguli\u0161e hormone stresa kao \u0161to su kortizol i adrenalin.<\/p>\n<\/li>\n<li data-start=\"1887\" data-end=\"2075\">\n<p data-start=\"1889\" data-end=\"2075\"><strong data-start=\"1889\" data-end=\"1916\">Adjuvant u le\u010denju onkolo\u0161kih oboljenja<\/strong>: Smanjuje nuspojave hemioterapije i drugih toksi\u010dnih lekova, dok odre\u0111eni spojevi u \u010dagi mogu direktno indukovati apoptozu (programiranu smrt) u \u0107elijama raka.<\/p>\n<\/li>\n<\/ul>\n<p>Divlja sibirska \u010caga je prirodni adaptogen i antioksidans, cenjen zbog svojih brojnih zdravstvenih koristi. Ova gljiva, poznata kao <em data-start=\"499\" data-end=\"518\">Inonotus obliquus<\/em>, raste na brezama u hladnim klimatskim uslovima, poput Sibira i Severne Evrope. Njena dugotrajna upotreba u tradicionalnoj medicini potvr\u0111ena je brojnim istra\u017eivanjima.<\/p>\n<p data-start=\"1328\" data-end=\"1366\">\n","protected":false},"excerpt":{"rendered":"<p>Baikal Herbs Sibirska \u010daga je 100% prirodan, liofilizovani ekstrakt divlje gljive <em data-start=\"1511\" data-end=\"1530\">Inonotus obliquus<\/em> sakupljene iz netaknutih \u0161uma oko Bajkalskog jezera. Zahvaljuju\u0107i LiveExtracts\u00ae tehnologiji, o\u010duvana je maksimalna koncentracija beta-glukana, melanina i antioksidansa. Tradicionalno kori\u0161\u0107ena u ruskoj i azijskoj medicini, \u010daga je poznata kao <strong data-start=\"1774\" data-end=\"1828\">mo\u0107an adaptogen za imunitet, \u017eeludac i dugove\u010dnost<\/strong>.<\/p>\n","protected":false},"featured_media":31983,"template":"","meta":{"_acf_changed":false,"_seopress_robots_primary_cat":"none","_seopress_titles_title":"Baikal Herbs Sibirska \u010daga \u2013 ekstrakt za imunitet i \u017eeludac","_seopress_titles_desc":"Divlja sibirska \u010daga ekstrakt Baikal Herbs \u2013 adaptogen i antioksidans za imunitet, vitalnost i detoksikaciju. 100% prirodno, veganski proizvod.","_seopress_robots_index":"","inline_featured_image":false},"product_brand":[],"product_cat":[4587],"product_tag":[149,536,205],"class_list":{"0":"post-1365","1":"product","2":"type-product","3":"status-publish","4":"has-post-thumbnail","6":"product_cat-ruski-premium-suplementi","7":"product_tag-imunitet","8":"product_tag-psorijaza","9":"product_tag-stres","10":"zdravstveni_problem-imunitet","12":"first","13":"instock","14":"taxable","15":"shipping-taxable","16":"purchasable","17":"product-type-simple"},"acf":[],"_links":{"self":[{"href":"https:\/\/magicnobilje.com\/mk\/wp-json\/wp\/v2\/product\/1365","targetHints":{"allow":["GET"]}}],"collection":[{"href":"https:\/\/magicnobilje.com\/mk\/wp-json\/wp\/v2\/product"}],"about":[{"href":"https:\/\/magicnobilje.com\/mk\/wp-json\/wp\/v2\/types\/product"}],"wp:featuredmedia":[{"embeddable":true,"href":"https:\/\/magicnobilje.com\/mk\/wp-json\/wp\/v2\/media\/31983"}],"wp:attachment":[{"href":"https:\/\/magicnobilje.com\/mk\/wp-json\/wp\/v2\/media?parent=1365"}],"wp:term":[{"taxonomy":"product_brand","embeddable":true,"href":"https:\/\/magicnobilje.com\/mk\/wp-json\/wp\/v2\/product_brand?post=1365"},{"taxonomy":"product_cat","embeddable":true,"href":"https:\/\/magicnobilje.com\/mk\/wp-json\/wp\/v2\/product_cat?post=1365"},{"taxonomy":"product_tag","embeddable":true,"href":"https:\/\/magicnobilje.com\/mk\/wp-json\/wp\/v2\/product_tag?post=1365"}],"curies":[{"name":"wp","href":"https:\/\/api.w.org\/{rel}","templated":true}]}}