{"id":1353,"date":"2023-09-19T00:00:00","date_gmt":"2023-09-18T22:00:00","guid":{"rendered":"https:\/\/magicnobilje.com\/proizvod\/manuka-umf-24-3\/"},"modified":"2025-09-01T17:22:15","modified_gmt":"2025-09-01T15:22:15","slug":"manuka-med-umf-24-mgo-1122-terapija-za-najotpornije-infekcije","status":"publish","type":"product","link":"https:\/\/magicnobilje.com\/mk\/proizvod\/manuka-med-umf-24-mgo-1122-terapija-za-najotpornije-infekcije\/","title":{"rendered":"Manuka med UMF\u00ae 24+ (MGO 1122+) \u2013 Terapija za najotpornije infekcije"},"content":{"rendered":"<h2 data-start=\"1785\" data-end=\"1846\">Spektar delovanja<a href=\"https:\/\/www.sciencedirect.com\/science\/article\/abs\/pii\/S2212429221001632\" target=\"_blank\" rel=\"noopener noreferrer\">\u00a0<\/a>Manuka meda UMF 24+ vrlo je \u0161irok:<\/h2>\n<h2 data-start=\"1785\" data-end=\"1846\"><strong>Te\u0161ke bakterijske infekcije otporne na antibiotike<\/strong><\/h2>\n<p data-start=\"1848\" data-end=\"1890\">Manuka med UMF\u00ae 24+ koristi se u terapiji:<\/p>\n<ul data-start=\"1891\" data-end=\"2060\">\n<li data-start=\"1891\" data-end=\"1941\">\n<p data-start=\"1893\" data-end=\"1941\"><strong data-start=\"1893\" data-end=\"1939\">MRSA i rezistentnog Staphylococcus aureusa<\/strong><\/p>\n<\/li>\n<li data-start=\"1942\" data-end=\"1986\">\n<p data-start=\"1944\" data-end=\"1986\">hroni\u010dnih infekcija sinusa, grla i plu\u0107a<\/p>\n<\/li>\n<li data-start=\"1987\" data-end=\"2060\">\n<p data-start=\"1989\" data-end=\"2060\">disajnih infekcija koje ne reaguju na standardnu antibiotsku terapiju<\/p>\n<\/li>\n<\/ul>\n<p data-start=\"2062\" data-end=\"2221\">Zahvaljuju\u0107i visokom MGO sadr\u017eaju (1122+), ovaj med deluje kao prirodni <strong data-start=\"2134\" data-end=\"2155\">biofilm disruptor<\/strong> i <strong data-start=\"2158\" data-end=\"2190\">inhibitor bakterijskog rasta<\/strong> \u2013 bez izazivanja rezistencije.<\/p>\n<h2 data-start=\"2228\" data-end=\"2287\"><strong>Terapija protiv H. pylori i digestivne infekcije<\/strong><\/h2>\n<p data-start=\"2289\" data-end=\"2312\">Klini\u010dki se koristi za:<\/p>\n<ul data-start=\"2313\" data-end=\"2565\">\n<li data-start=\"2313\" data-end=\"2389\">\n<p data-start=\"2315\" data-end=\"2389\">eliminaciju <strong data-start=\"2327\" data-end=\"2350\">Helicobacter pylori<\/strong> bez antibiotika (uz lekarski nadzor)<\/p>\n<\/li>\n<li data-start=\"2390\" data-end=\"2489\">\n<p data-start=\"2392\" data-end=\"2489\">hroni\u010dni gastritis, \u010dir na \u017eelucu i refluks kod pacijenata koji ne reaguju na standardne lekove<\/p>\n<\/li>\n<li data-start=\"2490\" data-end=\"2565\">\n<p data-start=\"2492\" data-end=\"2565\">regeneraciju digestivne sluzoko\u017ee nakon infekcija ili terapije lekovima<\/p>\n<\/li>\n<\/ul>\n<p data-start=\"2567\" data-end=\"2684\">Njegov visok UMF\u00ae indeks omogu\u0107ava <strong data-start=\"2602\" data-end=\"2648\">ciljano antibakterijsko delovanje u \u017eelucu<\/strong>, bez naru\u0161avanja zdrave mikrobiote.<\/p>\n<h2 data-start=\"2691\" data-end=\"2745\"><strong>Gljivi\u010dne infekcije i sistemska kandidijaza<\/strong><\/h2>\n<p data-start=\"2747\" data-end=\"2770\">UMF\u00ae 24+ deluje protiv:<\/p>\n<ul data-start=\"2771\" data-end=\"2962\">\n<li data-start=\"2771\" data-end=\"2848\">\n<p data-start=\"2773\" data-end=\"2848\"><strong data-start=\"2773\" data-end=\"2807\">oralne i vaginalne kandidijaze<\/strong> otporne na konvencionalne antimikotike<\/p>\n<\/li>\n<li data-start=\"2849\" data-end=\"2909\">\n<p data-start=\"2851\" data-end=\"2909\"><strong data-start=\"2851\" data-end=\"2876\">sistemske Candidijaze<\/strong> kod imunokompromitovanih osoba<\/p>\n<\/li>\n<li data-start=\"2910\" data-end=\"2962\">\n<p data-start=\"2912\" data-end=\"2962\">spre\u010dava rast gljivica i vra\u0107a balans mikroflore<\/p>\n<\/li>\n<\/ul>\n<p data-start=\"2964\" data-end=\"3058\">Posebno je efikasan kod pacijenata sa hroni\u010dnim gljivi\u010dnim infekcijama koje se stalno vra\u0107aju.<\/p>\n<h2 data-start=\"3065\" data-end=\"3112\"><strong>Podr\u0161ka imunolo\u0161ki ugro\u017eenim osobama<\/strong><\/h2>\n<p data-start=\"3114\" data-end=\"3140\">Preporu\u010duje se osobama sa:<\/p>\n<ul data-start=\"3141\" data-end=\"3352\">\n<li data-start=\"3141\" data-end=\"3192\">\n<p data-start=\"3143\" data-end=\"3192\"><strong data-start=\"3143\" data-end=\"3190\">autoimunim bolestima i imunodeficijencijama<\/strong><\/p>\n<\/li>\n<li data-start=\"3193\" data-end=\"3272\">\n<p data-start=\"3195\" data-end=\"3272\">oslabljenim imunitetom nakon <strong data-start=\"3224\" data-end=\"3270\">virusnih infekcija, hemoterapije ili HIV-a<\/strong><\/p>\n<\/li>\n<li data-start=\"3273\" data-end=\"3352\">\n<p data-start=\"3275\" data-end=\"3352\"><strong data-start=\"3275\" data-end=\"3299\">post-COVID sindromom<\/strong>, hroni\u010dnim umorom i infekcijama koje se ponavljaju<\/p>\n<\/li>\n<\/ul>\n<p data-start=\"3354\" data-end=\"3430\">Deluje imunomodulatorno, \u0161titi sluzoko\u017ee i potpoma\u017ee regeneraciju organizma.<\/p>\n<h2 data-start=\"3814\" data-end=\"3863\"><strong>Spolja\u0161nja primena \u2013 zaceljivanje rana<\/strong><\/h2>\n<p data-start=\"3865\" data-end=\"3957\">Zahvaljuju\u0107i sna\u017enim antibakterijskim i antiinflamatornim svojstvima, UMF\u00ae 24+ koristi se i:<\/p>\n<ul data-start=\"3958\" data-end=\"4115\">\n<li data-start=\"3958\" data-end=\"4004\">\n<p data-start=\"3960\" data-end=\"4004\">za le\u010denje <strong data-start=\"3971\" data-end=\"4002\">dekubitusa i hroni\u010dnih rana<\/strong><\/p>\n<\/li>\n<li data-start=\"4005\" data-end=\"4062\">\n<p data-start=\"4007\" data-end=\"4062\">kod <strong data-start=\"4011\" data-end=\"4035\">dijabeti\u010dnog stopala<\/strong> i rana koje ne zarastaju<\/p>\n<\/li>\n<li data-start=\"4063\" data-end=\"4115\">\n<p data-start=\"4065\" data-end=\"4115\"><strong data-start=\"4065\" data-end=\"4115\">spre\u010dava infekciju bez izazivanja rezistencije<\/strong><\/p>\n<\/li>\n<\/ul>\n<p data-start=\"4117\" data-end=\"4196\">Mo\u017ee se naneti direktno na ranu uz sterilnu gazu \u2013 potpuno prirodan antiseptik.<\/p>\n<p data-start=\"4367\" data-end=\"4465\">\n","protected":false},"excerpt":{"rendered":"<p data-start=\"769\" data-end=\"981\">Medicinski Manuka med UMF\u00ae 24+ (MGO 1122+) koristi se kod infekcija otpornih na antibiotike (MRSA), H. pylori, kandidijaze, rana koje te\u0161ko zarastaju i kod oslabljenog imuniteta. 100% sirov \u2013 vadjen hladnim procesom bez filtracije, sa o\u010duvanim aktivnim enzimima i brojem serije (batch nr) za proveru porekla i autenti\u010dnosti.<\/p>\n","protected":false},"featured_media":3735,"template":"","meta":{"_acf_changed":false,"_seopress_robots_primary_cat":"none","_seopress_titles_title":"Manuka med UMF\u00ae 24+ \u2013 Terapija za najotpornije infekcije","_seopress_titles_desc":"Manuka med UMF\u00ae 24+ za MRSA, H. pylori, Candidu i rane koje te\u0161ko zarastaju. 100% sirov, medicinski, sa brojem serije za proveru autenti\u010dnosti.","_seopress_robots_index":"","inline_featured_image":false},"product_brand":[],"product_cat":[4588,567],"product_tag":[193,4464,149],"class_list":{"0":"post-1353","1":"product","2":"type-product","3":"status-publish","4":"has-post-thumbnail","6":"product_cat-manuka-med","7":"product_cat-nekategorizovano","8":"product_tag-bakterije","9":"product_tag-dekubitis","10":"product_tag-imunitet","12":"first","13":"instock","14":"taxable","15":"shipping-taxable","16":"purchasable","17":"product-type-simple"},"acf":[],"_links":{"self":[{"href":"https:\/\/magicnobilje.com\/mk\/wp-json\/wp\/v2\/product\/1353","targetHints":{"allow":["GET"]}}],"collection":[{"href":"https:\/\/magicnobilje.com\/mk\/wp-json\/wp\/v2\/product"}],"about":[{"href":"https:\/\/magicnobilje.com\/mk\/wp-json\/wp\/v2\/types\/product"}],"wp:featuredmedia":[{"embeddable":true,"href":"https:\/\/magicnobilje.com\/mk\/wp-json\/wp\/v2\/media\/3735"}],"wp:attachment":[{"href":"https:\/\/magicnobilje.com\/mk\/wp-json\/wp\/v2\/media?parent=1353"}],"wp:term":[{"taxonomy":"product_brand","embeddable":true,"href":"https:\/\/magicnobilje.com\/mk\/wp-json\/wp\/v2\/product_brand?post=1353"},{"taxonomy":"product_cat","embeddable":true,"href":"https:\/\/magicnobilje.com\/mk\/wp-json\/wp\/v2\/product_cat?post=1353"},{"taxonomy":"product_tag","embeddable":true,"href":"https:\/\/magicnobilje.com\/mk\/wp-json\/wp\/v2\/product_tag?post=1353"}],"curies":[{"name":"wp","href":"https:\/\/api.w.org\/{rel}","templated":true}]}}