{"id":1035,"date":"2023-09-05T00:00:00","date_gmt":"2023-09-04T22:00:00","guid":{"rendered":"https:\/\/magicnobilje.com\/proizvod\/morski-kolagen\/"},"modified":"2025-10-21T14:40:09","modified_gmt":"2025-10-21T12:40:09","slug":"morski-kolagen-kapsule-prirodna-podrska-za-zglobove-kosti-kozu-i-kosu","status":"publish","type":"product","link":"https:\/\/magicnobilje.com\/mk\/proizvod\/morski-kolagen-kapsule-prirodna-podrska-za-zglobove-kosti-kozu-i-kosu\/","title":{"rendered":"Morski kolagen kapsule \u2013 prirodna podr\u0161ka zglobovima, kostima, ko\u017ei i kosi"},"content":{"rendered":"<p data-start=\"952\" data-end=\"1217\"><strong data-start=\"952\" data-end=\"989\">Morski kolagen MTB France kapsule<\/strong> sadr\u017ee visokokvalitetni hidrolizovani kolagen (kolagen tipa 1), poreklom iz riba toplih mora, s malom molekulskom masom koja omogu\u0107ava <strong data-start=\"1118\" data-end=\"1164\">br\u017eu apsorpciju i maksimalnu iskoristljivost<\/strong>.<\/p>\n<div class=\"t pg-1m0 pg-1x1 pg-1h4 pg-1y9 pg-1ff2 pg-1fs1 pg-1fc0 pg-1sc0 pg-1ls0 pg-1ws0\">\n<p class=\"t pg-1m0 pg-1x1 pg-1h4 pg-1ya pg-1ff2 pg-1fs1 pg-1fc0 pg-1sc0 pg-1ls0 pg-1ws0\">Kolagen je protein, glavni konstitutivni element vezivnog tkiva na\u0161ega tela, posebno ko\u017ee, kostiju, misi\u0107a i ligamenata. Kolagen \u010dini pribli\u017eno \u00be na\u0161e ko\u017ee i omogu\u0107uva odr\u017eavanje njene elasti\u010dnosti.<\/p>\n<p>&nbsp;<\/p>\n<\/div>\n<h2 data-start=\"2576\" data-end=\"2635\"><strong data-start=\"2580\" data-end=\"2633\">Morski kolagen MTB France: Dokazane koristi<\/strong><\/h2>\n<ul data-start=\"2637\" data-end=\"2948\">\n<li data-start=\"2637\" data-end=\"2703\">\n<p data-start=\"2639\" data-end=\"2703\"><strong data-start=\"2639\" data-end=\"2664\">Zglobovi i hrskavica: <\/strong>Kolagen je glavna komponenta hrskavice, tkiva koje \u0161titi zglobove. Sa godinama ili usled ponavljanog optere\u0107enja, hrskavica mo\u017ee da oslabi, pa se javljaju bolovi u zglobovima ili stanja poput osteoartritisa. Suplementacija morskim kolagenom mo\u017ee da pomogne u o\u010duvanju zdravlja zglobova tako \u0161to podr\u017eava regeneraciju hrskavice i smanjuje upalu. Istra\u017eivanja sugeri\u0161u da morski kolagen mo\u017ee da pobolj\u0161a pokretljivost i smanji bol povezan sa osteoartritisom.<\/p>\n<\/li>\n<li data-start=\"2704\" data-end=\"2761\">\n<p data-start=\"2706\" data-end=\"2761\"><strong data-start=\"2706\" data-end=\"2716\">Kosti:<\/strong> Podr\u017eava mineralizaciju i \u010dvrsto\u0107u kostiju. Hidrolizovani morski kolagen naro\u010dito se preporu\u010duje \u017eenama u perimenopauzi i menopauzi kao odli\u010dna prevencija osteoporoze.<\/p>\n<\/li>\n<li data-start=\"2762\" data-end=\"2825\">\n<p data-start=\"2764\" data-end=\"2825\"><strong data-start=\"2764\" data-end=\"2773\">Ko\u017ea:<\/strong> Kolagen je vitalni protein koji ko\u017ei daje \u010dvrstinu i elasti\u010dnost. Vremenom prirodna proizvodnja kolagena opada, \u0161to mo\u017ee dovesti do bora i opu\u0161tanja ko\u017ee. Suplementacija morskim kolagenom mo\u017ee da pomogne da se ovaj gubitak ubla\u017ei. Studije pokazuju da morski kolagen pobolj\u0161ava hidrataciju ko\u017ee, pove\u0107ava elasti\u010dnost i smanjuje dubinu bora. Pored toga, podsti\u010de regeneraciju \u0107elija, \u0161to doprinosi glatkijoj i \u010dvr\u0161\u0107oj ko\u017ei.<\/p>\n<\/li>\n<li data-start=\"2826\" data-end=\"2883\">\n<p data-start=\"2828\" data-end=\"2883\"><strong data-start=\"2828\" data-end=\"2845\">Kosa i nokti:<\/strong> Aminokiseline iz morskog kolagena, kao \u0161to su <strong data-start=\"1334\" data-end=\"1344\">glicin<\/strong> i <strong data-start=\"1347\" data-end=\"1357\">prolin<\/strong>, klju\u010dne su za stvaranje <strong data-start=\"1383\" data-end=\"1395\">keratina<\/strong>, glavnog proteina kose i noktiju. Zato morski kolagen mo\u017ee da podr\u017ei rast kose, pove\u0107a sjaj i \u010dvrstinu, kao i da oja\u010da nokte i smanji njihovu lomljivost.<\/p>\n<\/li>\n<li data-start=\"2884\" data-end=\"2948\">\n<p data-start=\"2886\" data-end=\"2948\"><strong data-start=\"2886\" data-end=\"2903\">Regeneracija:<\/strong> Ubrzava oporavak nakon povreda i operacija<\/p>\n<\/li>\n<li data-start=\"2884\" data-end=\"2948\">\n<p data-start=\"1594\" data-end=\"2007\"><strong>Zdravlje sistema za varenje:<\/strong> Kolagen igra va\u017enu ulogu u zdravlju crevne sluznice. Poma\u017ee ja\u010danju crevne barijere, \u0161to mo\u017ee doprineti prevenciji stanja poput sindroma \u201epropustljivih creva\u201c. Dodatno, podr\u017eava varenje tako \u0161to poma\u017ee u razgradnji proteina i umirivanju upale u gastrointestinalnom traktu. Zbog toga redovna konzumacija morskog kolagena mo\u017ee doprineti boljem varenju i o\u010duvanju integriteta crevne sluznice.<\/p>\n<\/li>\n<\/ul>\n<p class=\"t pg-1m0 pg-1x1 pg-1h4 pg-1y1e pg-1ff2 pg-1fs1 pg-1fc0 pg-1sc0 pg-1ls0 pg-1ws0\">Kao i ostali izvori kolagena, morski hidrolizovani kolagen poma\u017ee u pobolj\u0161anju stanja internih i eksternih znakova starenja.<\/p>\n<div><\/div>\n<p class=\"t pg-1m0 pg-1x1 pg-1h4 pg-1y1e pg-1ff2 pg-1fs1 pg-1fc0 pg-1sc0 pg-1ls0 pg-1ws0\">Morski kolagen odli\u010dna je alternativa osobama koje mogu imati odre\u0111ene potesko\u0107e za upotrebu drugih formi kolagena. Kvalitet, trajnost i bioraspolo\u017eivost \u010dine morski kolagen idealnim saveznikom u o\u010duvanju\u00a0 zdravlja zglobova, kostiju, ko\u017ee i creva. Pomo\u0107i \u0107e vam da usporite proces starenja, ubla\u017eite postoje\u0107e i odgodite pojavu novih bora.<\/p>\n","protected":false},"excerpt":{"rendered":"<p lang=\"en-US\">MTB France Morski kolagen<span class=\"pg-1ff2\">:<\/span><\/p>\n<ul>\n<li lang=\"en-US\"><strong>Ja\u010da kosti i zglobove<\/strong><\/li>\n<li lang=\"en-US\"><strong>Obnavlja hrskavicu u kolenu<\/strong><\/li>\n<li lang=\"en-US\"><strong> Spre\u010dava osteoporozu<\/strong><\/li>\n<li lang=\"en-US\"><strong>Ubla\u017eava aterosklerozu<\/strong><\/li>\n<li lang=\"en-US\"><strong>\u010cuva mi\u0161i\u0107nu masu i snagu\u00a0<\/strong><\/li>\n<li lang=\"en-US\"><strong>Ubla\u017eava bore i vra\u0107a ko\u017ei elasti\u010dnost\u00a0<\/strong><\/li>\n<li lang=\"en-US\">\n<div class=\"t pg-1m0 pg-1x1 pg-1h4 pg-1y19 pg-1ff2 pg-1fs1 pg-1fc0 pg-1sc0 pg-1ls0 pg-1ws0\"><strong>Ja\u010da nokte i kosu\u00a0<\/strong><\/div>\n<\/li>\n<\/ul>\n<div class=\"t pg-1m0 pg-1x1 pg-1h4 pg-1y1d pg-1ff2 pg-1fs1 pg-1fc0 pg-1sc0 pg-1ls0 pg-1ws0\"><\/div>\n","protected":false},"featured_media":2875,"template":"","meta":{"_acf_changed":false,"_seopress_robots_primary_cat":"none","_seopress_titles_title":"Morski kolagen kapsule MTB France \u2013 zglobovi, ko\u017ea, kosa","_seopress_titles_desc":"Hidrolizovani morski kolagen MTB France kapsule za zdravlje zglobova, kostiju, ko\u017ee i kose. Br\u017ea apsorpcija i bolja \u010disto\u0107a od gove\u0111eg kolagena.","_seopress_robots_index":"","inline_featured_image":false},"product_brand":[],"product_cat":[4594],"product_tag":[244,4466,416],"class_list":{"0":"post-1035","1":"product","2":"type-product","3":"status-publish","4":"has-post-thumbnail","6":"product_cat-specijalni-suplementi","7":"product_tag-bore","8":"product_tag-hrskavica","9":"product_tag-kosti","11":"first","12":"instock","13":"taxable","14":"shipping-taxable","15":"purchasable","16":"product-type-simple"},"acf":[],"_links":{"self":[{"href":"https:\/\/magicnobilje.com\/mk\/wp-json\/wp\/v2\/product\/1035","targetHints":{"allow":["GET"]}}],"collection":[{"href":"https:\/\/magicnobilje.com\/mk\/wp-json\/wp\/v2\/product"}],"about":[{"href":"https:\/\/magicnobilje.com\/mk\/wp-json\/wp\/v2\/types\/product"}],"wp:featuredmedia":[{"embeddable":true,"href":"https:\/\/magicnobilje.com\/mk\/wp-json\/wp\/v2\/media\/2875"}],"wp:attachment":[{"href":"https:\/\/magicnobilje.com\/mk\/wp-json\/wp\/v2\/media?parent=1035"}],"wp:term":[{"taxonomy":"product_brand","embeddable":true,"href":"https:\/\/magicnobilje.com\/mk\/wp-json\/wp\/v2\/product_brand?post=1035"},{"taxonomy":"product_cat","embeddable":true,"href":"https:\/\/magicnobilje.com\/mk\/wp-json\/wp\/v2\/product_cat?post=1035"},{"taxonomy":"product_tag","embeddable":true,"href":"https:\/\/magicnobilje.com\/mk\/wp-json\/wp\/v2\/product_tag?post=1035"}],"curies":[{"name":"wp","href":"https:\/\/api.w.org\/{rel}","templated":true}]}}