{"id":875,"date":"2023-09-05T00:00:00","date_gmt":"2023-09-04T22:00:00","guid":{"rendered":"https:\/\/magicnobilje.com\/proizvod\/magnezijum-bisglicinat-500mg-90-kapsula\/"},"modified":"2026-04-30T17:55:20","modified_gmt":"2026-04-30T15:55:20","slug":"magnezijum-bisglicinat-500-mg-88herbs-najbolja-apsorpcija-za-zdravlje-misica-zivaca-i-srcam-bisglicinat-500mg","status":"publish","type":"product","link":"https:\/\/magicnobilje.com\/bs\/proizvod\/magnezijum-bisglicinat-500-mg-88herbs-najbolja-apsorpcija-za-zdravlje-misica-zivaca-i-srcam-bisglicinat-500mg\/","title":{"rendered":"Magnezijum bisglicinat 500 mg \u2013 88Herbs: Maksimalna apsorpcija"},"content":{"rendered":"<h2 data-start=\"776\" data-end=\"831\">\u0160ta je magnezijum bisglicinat i za\u0161to je va\u017ean?<\/h2>\n<p data-start=\"833\" data-end=\"1062\">Magnezijum bisglicinat je oblik magnezijuma u kojem je mineral vezan za aminokiselinu glicin. Ova veza omogu\u0107ava bolju apsorpciju u crevima i smanjuje ne\u017eeljene efekte poput dijareje, \u010desto prisutne kod drugih oblika magnezijuma.<\/p>\n<p data-start=\"833\" data-end=\"1062\"><strong data-start=\"1587\" data-end=\"1639\">Magnezijum bisglicinat &#8211; zdravstveni benefiti:<\/strong><\/p>\n<p data-start=\"1582\" data-end=\"1641\"><strong data-start=\"1587\" data-end=\"1639\">Podr\u0161ka nervnom sistemu i mentalnom zdravlju<\/strong><\/p>\n<ul data-start=\"1642\" data-end=\"1740\">\n<li data-start=\"1642\" data-end=\"1674\">\n<p data-start=\"1644\" data-end=\"1674\">Smanjuje stres i anksioznost<\/p>\n<\/li>\n<li data-start=\"1675\" data-end=\"1702\">\n<p data-start=\"1677\" data-end=\"1702\">Pobolj\u0161ava kvalitet sna<\/p>\n<\/li>\n<li data-start=\"1703\" data-end=\"1740\">\n<p data-start=\"1705\" data-end=\"1740\">Podr\u017eava pam\u0107enje i koncentraciju<\/p>\n<\/li>\n<\/ul>\n<p data-start=\"1742\" data-end=\"1783\"><strong data-start=\"1747\" data-end=\"1781\">\u00a0Zdravlje mi\u0161i\u0107a i energija<\/strong><\/p>\n<ul data-start=\"1784\" data-end=\"1880\">\n<li data-start=\"1784\" data-end=\"1811\">\n<p data-start=\"1786\" data-end=\"1811\">Smanjuje mi\u0161i\u0107ne gr\u010deve<\/p>\n<\/li>\n<li data-start=\"1812\" data-end=\"1846\">\n<p data-start=\"1814\" data-end=\"1846\">Poma\u017ee oporavak nakon treninga<\/p>\n<\/li>\n<li data-start=\"1847\" data-end=\"1880\">\n<p data-start=\"1849\" data-end=\"1880\">Podr\u017eava energiju i vitalnost<\/p>\n<\/li>\n<\/ul>\n<p data-start=\"1882\" data-end=\"1918\"><strong data-start=\"1887\" data-end=\"1916\">\u00a0Srce i krvni pritisak<\/strong><\/p>\n<ul data-start=\"1919\" data-end=\"2001\">\n<li data-start=\"1919\" data-end=\"1958\">\n<p data-start=\"1921\" data-end=\"1958\">Poma\u017ee u regulaciji krvnog pritiska<\/p>\n<\/li>\n<li data-start=\"1959\" data-end=\"2001\">\n<p data-start=\"1961\" data-end=\"2001\">Podr\u017eava funkciju srca i krvnih sudova<\/p>\n<\/li>\n<\/ul>\n<p>&nbsp;<\/p>\n<p>Zahvaljuju\u0107i svojoj lakoj apsorpciji, magnesium bisglicinat je idealan izbor za ljude koji \u017eele da smanje stres i anksioznost, kao i da podr\u017ee zdravlje mi\u0161i\u0107a, kostiju i kardiovaskularnog sistema. Ovaj dodatak ishrani je blag i bez ne\u017eeljenih efekata na probavni sistem, \u0161to ga \u010dini odli\u010dnim za svakodnevnu upotrebu.<\/p>\n","protected":false},"excerpt":{"rendered":"<p data-start=\"212\" data-end=\"308\">Magnezijum Bisglicinat 500 mg iz 88Herbs brenda pru\u017ea izuzetnu apsorpciju zahvaljuju\u0107i helatnoj formi vezanoj za glicin. Ovaj suplement je ne\u017ean za \u017eeludac, ne izaziva stoma\u010dne tegobe i namenjen je svima koji \u017eele prirodnu podr\u0161ku za mi\u0161i\u0107e, nerve i srce.<br data-start=\"620\" data-end=\"623\" \/><strong data-start=\"623\" data-end=\"740\">Superioran je u odnosu na ostale magnezijume na tr\u017ei\u0161tu Srbije po \u010distoti, koncentraciji i kvalitetu proizvodnje.<\/strong><\/p>\n","protected":false},"featured_media":2941,"template":"","meta":{"_acf_changed":false,"_seopress_robots_primary_cat":"none","_seopress_titles_title":"Magnezijum bisglicinat 88Herbs - visok kvalitet i apsorpcija","_seopress_titles_desc":"Magnezijum Bisglicinat 500 mg iz 88Herbs \u2013 superiorna apsorpcija, \u010disto\u0107a i sigurnost. Idealno za nervni sistem, mi\u0161i\u0107e i zdravlje srca.","_seopress_robots_index":"","inline_featured_image":false},"product_brand":[4750],"product_cat":[4590],"product_tag":[4467,231,321],"class_list":{"0":"post-875","1":"product","2":"type-product","3":"status-publish","4":"has-post-thumbnail","6":"product_brand-88-herbs","7":"product_cat-minerali","8":"product_tag-aritmija","9":"product_tag-migrena","10":"product_tag-misici","11":"zdravstveni_problem-kosti-zglobovi-i-misici","12":"zdravstveni_problem-stres-i-nesanica","14":"first","15":"instock","16":"taxable","17":"shipping-taxable","18":"purchasable","19":"product-type-simple"},"acf":[],"_links":{"self":[{"href":"https:\/\/magicnobilje.com\/bs\/wp-json\/wp\/v2\/product\/875","targetHints":{"allow":["GET"]}}],"collection":[{"href":"https:\/\/magicnobilje.com\/bs\/wp-json\/wp\/v2\/product"}],"about":[{"href":"https:\/\/magicnobilje.com\/bs\/wp-json\/wp\/v2\/types\/product"}],"wp:featuredmedia":[{"embeddable":true,"href":"https:\/\/magicnobilje.com\/bs\/wp-json\/wp\/v2\/media\/2941"}],"wp:attachment":[{"href":"https:\/\/magicnobilje.com\/bs\/wp-json\/wp\/v2\/media?parent=875"}],"wp:term":[{"taxonomy":"product_brand","embeddable":true,"href":"https:\/\/magicnobilje.com\/bs\/wp-json\/wp\/v2\/product_brand?post=875"},{"taxonomy":"product_cat","embeddable":true,"href":"https:\/\/magicnobilje.com\/bs\/wp-json\/wp\/v2\/product_cat?post=875"},{"taxonomy":"product_tag","embeddable":true,"href":"https:\/\/magicnobilje.com\/bs\/wp-json\/wp\/v2\/product_tag?post=875"}],"curies":[{"name":"wp","href":"https:\/\/api.w.org\/{rel}","templated":true}]}}