{"id":823,"date":"2023-09-04T00:00:00","date_gmt":"2023-09-03T22:00:00","guid":{"rendered":"https:\/\/magicnobilje.com\/proizvod\/maitake-extract-kapi-dr-nanba\/"},"modified":"2026-03-30T16:21:37","modified_gmt":"2026-03-30T14:21:37","slug":"maitake-md-frakcija-prirodna-podrska-tokom-onkoloske-terapije","status":"publish","type":"product","link":"https:\/\/magicnobilje.com\/bs\/proizvod\/maitake-md-frakcija-prirodna-podrska-tokom-onkoloske-terapije\/","title":{"rendered":"Dr Nanba Maitake MD-frakcija \u2013 jedan od najsna\u017enijih prirodnih imunoaktivatora"},"content":{"rendered":"<h2 data-start=\"67\" data-end=\"382\">Kod ozbiljnog pada imuniteta i onkolo\u0161kih stanja, moderna zapadna medicina ne mo\u017ee u potpunosti ubla\u017eiti tegobe pacijenta. Da bi se pobolj\u0161ao kvalitet \u017eivota, potrebna je primena komplementarne i alternativne terapije. Dr Nanba Maitake MD-frakcija, klini\u010dki testiran u Japanu i SAD, ja\u010da uro\u0111en i ste\u010den imunitet.<\/h2>\n<p><strong>MD-frakcija\u00a0<\/strong> je standardizovani ekstrakt gljive Maitake (Grifola frondosa), koji je formulisao i ispitao <strong>prof. dr Hiroaki Nanba u Japanu, <\/strong>profesor emeritus Farmaceutskog fakulteta Kobe.<\/p>\n<p><strong>MD-frakcija<\/strong> predstavlja visoko<strong> aktivan ekstrakt Maitake gljive<\/strong>, posebno razvijen za sna\u017enu imunolo\u0161ku podr\u0161ku kod osoba sa oslabljenim imunitetom, posle bolesti ili jakog stresa i kao podr\u0161ka osobama koje prolaze kroz onkolo\u0161ke terapije &#8211; poma\u017eu\u0107i u smanjenju nuspojava i o\u010duvanju energije.<\/p>\n<p>Tokom svog predanog rada, dr Nanba ispitao je ukupno trideset i \u0161est vrsta japanskih pe\u010durki i pe\u010durki iz drugih delova sveta, i potencijalne <strong>antikancerogene<\/strong> efekte njihovog polisaharida, a maitake je pokazao najja\u010di efekat.<\/p>\n<p>Polisaharid maitake je rafinisan u nekoliko frakcija nazvanih \u0410, B, C i D, po redosledu njihove ekstrakcije. Poslednja dobijena MD-frakcija pokazala je mo\u0107na antitumorska svojstva. Ekstrakcija je nazvana MD-frakcija, a M ozna\u010dava Maitake. Ova MD-frakcija ima posebnu molekularnu strukturu koja se ne nalazi u drugim vrstama pe\u010durki i smatra se da pokazuje ja\u010de imunolo\u0161ke efekte.<\/p>\n<h3 data-section-id=\"vixqp5\" data-start=\"1119\" data-end=\"1155\">Dr Nanba Maitake MD-frakcija klini\u010dki dokazani benefiti\u00a0 za imunitet:<\/h3>\n<ul data-start=\"1156\" data-end=\"1436\">\n<li data-start=\"1156\" data-end=\"1197\">\n<p data-start=\"1158\" data-end=\"1197\">Ja\u010danje uro\u0111enog i ste\u010denog imuniteta<\/p>\n<\/li>\n<li data-start=\"1198\" data-end=\"1255\">\n<p data-start=\"1200\" data-end=\"1255\">Inhibira rast \u0107elija karcinoma i metastaza<\/p>\n<\/li>\n<li data-start=\"1256\" data-end=\"1309\">\n<p data-start=\"1258\" data-end=\"1309\">Pomo\u0107na imunolo\u0161ka podr\u0161ka kod onkolo\u0161ke terapije<\/p>\n<\/li>\n<li data-start=\"1310\" data-end=\"1369\">\n<p data-start=\"1312\" data-end=\"1369\">Regulacija imunog odgovora kod hroni\u010dnih upalnih stanja<\/p>\n<\/li>\n<li data-start=\"1370\" data-end=\"1436\">\n<p data-start=\"1372\" data-end=\"1436\">Smanjenje umora i iscrpljenosti kod imunokompromitovanih osoba<\/p>\n<\/li>\n<\/ul>\n<p><strong data-start=\"171\" data-end=\"201\">Dr Nanba Maitake ekstrakt<\/strong>, standardizovan na MD frakciju, predstavlja klini\u010dki ispitan prirodni imunomodulator sa \u0161irokim spektrom primene. Njegovo delovanje na aktivaciju klju\u010dnih \u0107elija imunskog sistema, kao i dokazana efikasnost u stanjima oslabljenog imuniteta i kod onkolo\u0161kih terapija, \u010dini ga zna\u010dajnom prirodnom podr\u0161kom<strong data-start=\"492\" data-end=\"567\">\u00a0u savremenoj preventivnoj i komplementarnoj medicini<\/strong>.<\/p>\n","protected":false},"excerpt":{"rendered":"<p><strong>Profesor dr Hiroaki Nanba otkrio je da polisaharid u gljivi maitake usporava rast \u0107elija karcinoma aktiviranjem imunolo\u0161kih \u0107elija. Ovoj supstanci dao je ime MD frakcija.<\/strong><\/p>\n<article class=\"text-token-text-primary w-full focus:outline-none scroll-mt-[calc(var(--header-height)+min(200px,max(70px,20svh)))]\" dir=\"auto\" tabindex=\"-1\" data-turn-id=\"request-WEB:439fdbda-6396-49cd-bda8-a98a3a656405-1\" data-testid=\"conversation-turn-4\" data-scroll-anchor=\"true\" data-turn=\"assistant\">\n<div class=\"text-base my-auto mx-auto pb-10 [--thread-content-margin:--spacing(4)] thread-sm:[--thread-content-margin:--spacing(6)] thread-lg:[--thread-content-margin:--spacing(16)] px-(--thread-content-margin)\">\n<div class=\"[--thread-content-max-width:40rem] thread-lg:[--thread-content-max-width:48rem] mx-auto max-w-(--thread-content-max-width) flex-1 group\/turn-messages focus-visible:outline-hidden relative flex w-full min-w-0 flex-col agent-turn\" tabindex=\"-1\">\n<div class=\"flex max-w-full flex-col grow\">\n<div class=\"min-h-8 text-message relative flex w-full flex-col items-end gap-2 text-start break-words whitespace-normal [.text-message+&amp;]:mt-5\" dir=\"auto\" data-message-author-role=\"assistant\" data-message-id=\"9b403cb4-5494-46f2-abd0-7f8853d3b42a\" data-message-model-slug=\"gpt-4o\">\n<div class=\"flex w-full flex-col gap-1 empty:hidden first:pt-[3px]\">\n<div class=\"markdown prose dark:prose-invert w-full break-words light markdown-new-styling\">\n<p data-start=\"0\" data-end=\"404\" data-is-last-node=\"\" data-is-only-node=\"\">Klini\u010dko ispitivanje MD-frakcije sprovedeno je u Centru za rak Sloan Kettering uz podr\u0161ku ameri\u010dke vlade, a potvr\u0111ena je njena efikasnost. Dr Nanba je za svoj rad dobio nagradu Ameri\u010dkog udru\u017eenja za rak i postao prvi dobitnik Paulingove velike nagrade.<\/p>\n<\/div>\n<\/div>\n<\/div>\n<\/div>\n<div class=\"z-0 flex min-h-[46px] justify-start\"><\/div>\n<\/div>\n<\/div>\n<\/article>\n<div class=\"pointer-events-none h-px w-px\" aria-hidden=\"true\" data-edge=\"true\"><\/div>\n","protected":false},"featured_media":32644,"template":"","meta":{"_acf_changed":false,"_seopress_robots_primary_cat":"none","_seopress_titles_title":"Dr Nanba Maitake MD-frakcija \u2013 Onkolo\u0161ka podr\u0161ka iz Japana","_seopress_titles_desc":"Ekstrakt Maitake gljive \u2013  Dr Nanba Maitake MD-frakcija. Poma\u017ee tokom terapije raka, ja\u010da imunitet. Bez alkohola, Japan kvaliteta.","_seopress_robots_index":"","inline_featured_image":false},"product_brand":[],"product_cat":[4586],"product_tag":[4619,606,4618],"class_list":{"0":"post-823","1":"product","2":"type-product","3":"status-publish","4":"has-post-thumbnail","6":"product_cat-japanski-suplementi","7":"product_tag-autoimuna-oboljenja","8":"product_tag-imunomodulator","9":"product_tag-onkoloska-podrska","11":"first","12":"instock","13":"taxable","14":"shipping-taxable","15":"purchasable","16":"product-type-simple"},"acf":[],"_links":{"self":[{"href":"https:\/\/magicnobilje.com\/bs\/wp-json\/wp\/v2\/product\/823","targetHints":{"allow":["GET"]}}],"collection":[{"href":"https:\/\/magicnobilje.com\/bs\/wp-json\/wp\/v2\/product"}],"about":[{"href":"https:\/\/magicnobilje.com\/bs\/wp-json\/wp\/v2\/types\/product"}],"wp:featuredmedia":[{"embeddable":true,"href":"https:\/\/magicnobilje.com\/bs\/wp-json\/wp\/v2\/media\/32644"}],"wp:attachment":[{"href":"https:\/\/magicnobilje.com\/bs\/wp-json\/wp\/v2\/media?parent=823"}],"wp:term":[{"taxonomy":"product_brand","embeddable":true,"href":"https:\/\/magicnobilje.com\/bs\/wp-json\/wp\/v2\/product_brand?post=823"},{"taxonomy":"product_cat","embeddable":true,"href":"https:\/\/magicnobilje.com\/bs\/wp-json\/wp\/v2\/product_cat?post=823"},{"taxonomy":"product_tag","embeddable":true,"href":"https:\/\/magicnobilje.com\/bs\/wp-json\/wp\/v2\/product_tag?post=823"}],"curies":[{"name":"wp","href":"https:\/\/api.w.org\/{rel}","templated":true}]}}