{"id":6583,"date":"2024-10-22T15:43:33","date_gmt":"2024-10-22T13:43:33","guid":{"rendered":"https:\/\/magicnobilje.com\/?post_type=product&#038;p=6583"},"modified":"2025-09-05T17:01:18","modified_gmt":"2025-09-05T15:01:18","slug":"slackstone-ii-ampule-za-pripremu-dijaliticke-vode","status":"publish","type":"product","link":"https:\/\/magicnobilje.com\/bs\/proizvod\/slackstone-ii-ampule-za-pripremu-dijaliticke-vode\/","title":{"rendered":"Slackstone II\u00ae ampule \u2013 dijaliti\u010dka voda za kamen u bubregu i \u017eu\u010di"},"content":{"rendered":"<h2><strong>Bubre\u017eni i \u017eu\u010dni kamenci mogu izazvati izuzetno neprijatne simptome \u2013 od jakih, probadaju\u0107ih bolova do konstantnog ose\u0107aja nelagodnosti i pritiska. Dijaliti\u010dka voda predstavlja prirodnu podr\u0161ku u njihovom rastvaranju i eliminaciji.<\/strong><\/h2>\n<p>Re\u010d je o izumu \u0161panskog sve\u0161tenika i profesora Hose Ignasia Martin-Artaha, koji omogu\u0107ava prirodno rastvaranje kamena i olak\u0161anje simptoma \u2013 bez agresivnih tretmana.<\/p>\n<p data-start=\"343\" data-end=\"550\"><strong data-start=\"343\" data-end=\"368\">Slackstone II\u00ae ampule<\/strong> omogu\u0107avaju pripremu prirodne <strong data-start=\"399\" data-end=\"419\">dijaliti\u010dke vode<\/strong>, koja se koristi kao bezbedna podr\u0161ka u eliminaciji <strong data-start=\"472\" data-end=\"499\">kamena u bubregu i \u017eu\u010di<\/strong>, kao i <strong data-start=\"507\" data-end=\"527\">peska i kristala<\/strong> iz mokra\u0107nih puteva.<\/p>\n<h3 data-start=\"1442\" data-end=\"1490\"><\/h3>\n<h3 data-start=\"1442\" data-end=\"1490\"><strong data-start=\"1448\" data-end=\"1490\">Dijaliti\u010dka voda se posebno preporu\u010duje:<\/strong><\/h3>\n<ul data-start=\"1492\" data-end=\"1621\">\n<li data-start=\"1492\" data-end=\"1535\"><span class=\"relative -mx-px my-[-0.2rem] rounded px-px py-[0.2rem] transition-colors duration-100 ease-in-out\">Osobama sa <strong data-start=\"9\" data-end=\"43\" data-is-last-node=\"\">kamen\u010di\u0107ima u bubrezima i\/ili \u017eu\u010di<\/strong><\/span><\/li>\n<li data-start=\"1536\" data-end=\"1579\"><span class=\"relative -mx-px my-[-0.2rem] rounded px-px py-[0.2rem] transition-colors duration-100 ease-in-out\">Onima koji \u017eele <strong data-start=\"14\" data-end=\"56\" data-is-last-node=\"\">preventivu protiv peska i kristalnih formacija<\/strong><\/span><\/li>\n<li data-start=\"1580\" data-end=\"1621\">Osobama koje pate od <strong>gihta (mokra\u0107ne kiseline)<\/strong><\/li>\n<li data-start=\"1580\" data-end=\"1621\">Kod <strong>arterioskleroze\u00a0<\/strong>zato \u0161to rastvara kalcijumske naslage u arterijama celog tela<\/li>\n<\/ul>\n<p>&nbsp;<\/p>\n<p>Dijaliti\u010dka voda, napravljena pomo\u0107u Slackstone II ampula, deluje kao rastvara\u010d mineralnih naslaga i poma\u017ee u prevenciji njihovog ponovnog nastanka. U pitanju je potpuno prirodan preparat \u2013 bez hemije, bez aditiva i bez ne\u017eeljenih efekata.<\/p>\n","protected":false},"excerpt":{"rendered":"<p>Slackstone II\u00ae ampule omogu\u0107avaju pripremu 40 \u010da\u0161a dijaliti\u010dke vode.<\/p>\n<ul>\n<li><strong>Pomo\u0107 u eliminaciji kamena u bubregu i \u017eu\u010di<\/strong><\/li>\n<li><strong>Rastvara pesak i kristalne formacije<\/strong><\/li>\n<li><strong>Pomo\u0107 kod gihta<\/strong><\/li>\n<\/ul>\n","protected":false},"featured_media":6586,"template":"","meta":{"_acf_changed":false,"_seopress_robots_primary_cat":"none","_seopress_titles_title":"Dijaliti\u010dka voda za kamen u bubregu i \u017eu\u010di","_seopress_titles_desc":"Prirodna dijaliti\u010dka voda za eliminaciju kamena u bubregu i \u017eu\u010di, rastvara kristale i pesak bez hemije. Slackstone II ampule \u2013 jednostavna primena.","_seopress_robots_index":"","inline_featured_image":false},"product_brand":[],"product_cat":[4595],"product_tag":[492,4455,4456],"class_list":{"0":"post-6583","1":"product","2":"type-product","3":"status-publish","4":"has-post-thumbnail","6":"product_cat-slackstone-ii-sistem","7":"product_tag-giht","8":"product_tag-kamen-u-bubregu","9":"product_tag-kamen-u-zuci","11":"first","12":"instock","13":"taxable","14":"shipping-taxable","15":"purchasable","16":"product-type-simple"},"acf":[],"_links":{"self":[{"href":"https:\/\/magicnobilje.com\/bs\/wp-json\/wp\/v2\/product\/6583","targetHints":{"allow":["GET"]}}],"collection":[{"href":"https:\/\/magicnobilje.com\/bs\/wp-json\/wp\/v2\/product"}],"about":[{"href":"https:\/\/magicnobilje.com\/bs\/wp-json\/wp\/v2\/types\/product"}],"wp:featuredmedia":[{"embeddable":true,"href":"https:\/\/magicnobilje.com\/bs\/wp-json\/wp\/v2\/media\/6586"}],"wp:attachment":[{"href":"https:\/\/magicnobilje.com\/bs\/wp-json\/wp\/v2\/media?parent=6583"}],"wp:term":[{"taxonomy":"product_brand","embeddable":true,"href":"https:\/\/magicnobilje.com\/bs\/wp-json\/wp\/v2\/product_brand?post=6583"},{"taxonomy":"product_cat","embeddable":true,"href":"https:\/\/magicnobilje.com\/bs\/wp-json\/wp\/v2\/product_cat?post=6583"},{"taxonomy":"product_tag","embeddable":true,"href":"https:\/\/magicnobilje.com\/bs\/wp-json\/wp\/v2\/product_tag?post=6583"}],"curies":[{"name":"wp","href":"https:\/\/api.w.org\/{rel}","templated":true}]}}