{"id":639,"date":"2023-09-04T00:00:00","date_gmt":"2023-09-03T22:00:00","guid":{"rendered":"https:\/\/magicnobilje.com\/proizvod\/manuka-umf-20-250-grama\/"},"modified":"2025-12-19T17:00:24","modified_gmt":"2025-12-19T16:00:24","slug":"manuka-med-umf-20-250-g","status":"publish","type":"product","link":"https:\/\/magicnobilje.com\/bs\/proizvod\/manuka-med-umf-20-250-g\/","title":{"rendered":"MANUKA MED UMF\u2122 20+ (250 g) &#8211; deluje na preko 250 vrsta bakterija"},"content":{"rendered":"<h2>Manuka med UMF\u2122 20+ je med najvi\u0161eg kvaliteta i veoma jakog antibakterijskog dejstva. Sadr\u017ei enzim koji dovodi do pretvaranja jedne vrste ketona dihidroksiacetona u metilglioksal (MGO) koji je glavna antibakterijska komponenta u Manuka medu.<\/h2>\n<p>Vodonik peroksid daje ve\u0107ini vrsta meda antibiotska svojstva. Me\u0111utim Manuka med tako\u0111e ima jedinstven antibakterijski kvalitet, koji se ne mo\u017ee na\u0107i u drugim vrstama meda. Jedna od glavnih antibakterijskih komponenti Manuka meda je jedinjenje koje se zove <strong>metilglioksal (MGO)<\/strong>. \u0160to je ve\u0107a koncentracija MGO, to je ja\u010di antibakterijski efekat.<\/p>\n<h3><span style=\"color: #333333;\">Manuka med UMF\u2122 20+ je mo\u0107an prirodni antibiotik<\/span><\/h3>\n<p>Ve\u0107ina klini\u010dkih ispitivanja otkrila je da<span style=\"color: #333333;\"> Manuka med<\/span>\u00a0UMF 20+ mo\u017ee da tretira najmanje 250 vrsta bakterija, uklju\u010duju\u0107i i vrste otporne na standardne antibiotike.<br \/>\nZa razliku od antibiotika, Manuka med UMF 20+ ne stvara otporne bakterije. Te tzv. superbakterije razvijaju se nakon \u0161to su u nekoliko navrata bile izlo\u017eene delovanju uobi\u010dajenih antibiotika.<\/p>\n<p class=\"western\"><strong>Nau\u010dna istra\u017eivanja o delovanju Manuka meda:<\/strong><\/p>\n<p>Nekoliko nedavnih studija pokazuje da manuka med mo\u017ee biti od pomo\u0107i kada se koristi na ranama i \u010direvima na nogama. Studije tako\u0111e pokazuju da se mo\u017ee pomo\u0107i u borbi protiv infekcije i ubrzati zarastanje rana.<\/p>\n<p>&nbsp;<\/p>\n","protected":false},"excerpt":{"rendered":"<p>MANUKA MED UMF\u2122 20+ je sirov med sa visokom koncentracijom <strong data-start=\"254\" data-end=\"278\">metilglioksala (MGO)<\/strong> (minimum <strong data-start=\"288\" data-end=\"301\">829 mg\/kg).\u00a0<\/strong><\/p>\n<ul>\n<li data-start=\"55\" data-end=\"209\"><strong data-start=\"55\" data-end=\"84\">Ja\u010da imunitet: <\/strong>Pru\u017ea sna\u017eno antibakterijsko delovanje<\/li>\n<li data-start=\"211\" data-end=\"337\"><strong data-start=\"211\" data-end=\"238\">Podr\u017eava digestivni trakt: <\/strong>Umiruje upornije digestivne tegobe<\/li>\n<li data-start=\"339\" data-end=\"494\"><strong data-start=\"339\" data-end=\"378\">Intenzivno neguje ko\u017eu: <\/strong>Poma\u017ee u zarastanju rana na ko\u017ei<\/li>\n<\/ul>\n<p>&nbsp;<\/p>\n","protected":false},"featured_media":2929,"template":"","meta":{"_acf_changed":false,"_seopress_robots_primary_cat":"none","_seopress_titles_title":"Manuka med UMF\u2122 20+ (250 g) \u2013 Mo\u0107an prirodni antibiotik","_seopress_titles_desc":"Kupite Manuka med UMF\u2122 20+ (500 g) sa jakim antibakterijskim dejstvom (MGO 829+). Premium kvalitet sa Novog Zelanda za imunitet i zdravlje.","_seopress_robots_index":"","inline_featured_image":false},"product_brand":[],"product_cat":[4588],"product_tag":[388,149,195],"class_list":{"0":"post-639","1":"product","2":"type-product","3":"status-publish","4":"has-post-thumbnail","6":"product_cat-manuka-med","7":"product_tag-bronhitis","8":"product_tag-imunitet","9":"product_tag-rane","11":"first","12":"instock","13":"taxable","14":"shipping-taxable","15":"purchasable","16":"product-type-simple"},"acf":[],"_links":{"self":[{"href":"https:\/\/magicnobilje.com\/bs\/wp-json\/wp\/v2\/product\/639","targetHints":{"allow":["GET"]}}],"collection":[{"href":"https:\/\/magicnobilje.com\/bs\/wp-json\/wp\/v2\/product"}],"about":[{"href":"https:\/\/magicnobilje.com\/bs\/wp-json\/wp\/v2\/types\/product"}],"wp:featuredmedia":[{"embeddable":true,"href":"https:\/\/magicnobilje.com\/bs\/wp-json\/wp\/v2\/media\/2929"}],"wp:attachment":[{"href":"https:\/\/magicnobilje.com\/bs\/wp-json\/wp\/v2\/media?parent=639"}],"wp:term":[{"taxonomy":"product_brand","embeddable":true,"href":"https:\/\/magicnobilje.com\/bs\/wp-json\/wp\/v2\/product_brand?post=639"},{"taxonomy":"product_cat","embeddable":true,"href":"https:\/\/magicnobilje.com\/bs\/wp-json\/wp\/v2\/product_cat?post=639"},{"taxonomy":"product_tag","embeddable":true,"href":"https:\/\/magicnobilje.com\/bs\/wp-json\/wp\/v2\/product_tag?post=639"}],"curies":[{"name":"wp","href":"https:\/\/api.w.org\/{rel}","templated":true}]}}