{"id":603,"date":"2023-09-04T00:00:00","date_gmt":"2023-09-03T22:00:00","guid":{"rendered":"https:\/\/magicnobilje.com\/proizvod\/ekstrakt-crna-maka-90ml\/"},"modified":"2025-09-05T16:50:50","modified_gmt":"2025-09-05T14:50:50","slug":"crna-maka-snaga-misicna-masa-i-oporavak-bez-nuspojava","status":"publish","type":"product","link":"https:\/\/magicnobilje.com\/bs\/proizvod\/crna-maka-snaga-misicna-masa-i-oporavak-bez-nuspojava\/","title":{"rendered":"Crna Maka ekstrakt \u2013 Original iz Perua"},"content":{"rendered":"<h2 data-start=\"1452\" data-end=\"1677\">Ako se suo\u010davate sa padom energije ili hroni\u010dnim umorom, iscrpljeni ste ili imate slab mi\u0161i\u0107ni tonus &#8211; Crna maka poma\u017ee oporavak organizma i bolju fizi\u010dku spremnost.<\/h2>\n<p data-start=\"959\" data-end=\"1207\">MacaPro\u00ae XP Black je hladno ce\u0111eni te\u010dni ekstrakt crne make ja\u010dine 18:1, koji dolazi iz Perua. Uzgaja se na nadmorskoj visini od 4.800 metara na Juninskoj visoravni Anda. <strong data-start=\"502\" data-end=\"515\">Crna maka<\/strong> (Lepidium meyenii) smatra se najre\u0111om i najaktivnijom vrstom make, cenjena je zbog svojih sna\u017enih adaptogenih svojstava.<\/p>\n<p data-start=\"959\" data-end=\"1207\"><strong>\u0160ta zna\u010di odnos 18:1?<\/strong><\/p>\n<p data-start=\"959\" data-end=\"1207\">Ovaj broj ukazuje na to koliko je kilograma korena make potrebno za litar eliksira. Odnos 18:1 zna\u010di da je 18kg su\u0161enog korena make utro\u0161eno za proizvodnju 1 litra te\u010dnog ekstrakta.<\/p>\n<h3 data-start=\"2369\" data-end=\"2411\">\u00a0Crna maka se posebno preporu\u010duje:<\/h3>\n<p>&nbsp;<\/p>\n<ul data-start=\"2413\" data-end=\"2664\">\n<li data-start=\"2413\" data-end=\"2469\">\n<p data-start=\"2415\" data-end=\"2469\">Kod dugotrajne iscrpljenosti<\/p>\n<\/li>\n<li data-start=\"2413\" data-end=\"2469\">\n<p data-start=\"2415\" data-end=\"2469\">Osobama koje pate od hroni\u010dnog umora<\/p>\n<\/li>\n<li data-start=\"2470\" data-end=\"2522\">\n<p data-start=\"2472\" data-end=\"2522\">Za br\u017ei mi\u0161i\u0107ni oporavak<\/p>\n<\/li>\n<li data-start=\"2523\" data-end=\"2563\">\n<p data-start=\"2525\" data-end=\"2563\">Osobama sa slabim mi\u0161i\u0107nim tonusom<\/p>\n<\/li>\n<li data-start=\"2564\" data-end=\"2628\">\n<p data-start=\"2566\" data-end=\"2628\">Osobama koje treniraju i \u017eele bolji fizi\u010dki u\u010dinak<\/p>\n<\/li>\n<\/ul>\n<p>&nbsp;<\/p>\n<p>Crna maka (Lepidium meyenii), gajena na velikim visinama Perua, vekovima je kori\u0161\u0107ena kao prirodna pomo\u0107 telu u zahtevnim uslovima.<br data-start=\"1090\" data-end=\"1093\" \/>Danas je poznata kao <strong data-start=\"1114\" data-end=\"1204\">biljni tonik koji ja\u010da fizi\u010dku izdr\u017eljivost, doprinosi snazi i ubrzava oporavak mi\u0161i\u0107a <\/strong>&#8211; bez hormona i nuspojava.<\/p>\n<p>&nbsp;<\/p>\n","protected":false},"excerpt":{"rendered":"<p data-start=\"317\" data-end=\"541\">Ekstrakt Crne Make iz Perua &#8211; prirodno re\u0161enje za:<\/p>\n<ul>\n<li data-start=\"317\" data-end=\"541\"><strong> iscrpljenost<\/strong><\/li>\n<li data-start=\"317\" data-end=\"541\"><strong>hroni\u010dan umor <\/strong><\/li>\n<li data-start=\"317\" data-end=\"541\"><strong>mi\u0161i\u0107ni oporavak posle fizi\u010dkog napora<\/strong><\/li>\n<\/ul>\n<p data-start=\"317\" data-end=\"541\">\n","protected":false},"featured_media":2869,"template":"","meta":{"_acf_changed":false,"_seopress_robots_primary_cat":"none","_seopress_titles_title":"Crna Maka za Snagu i Mi\u0161i\u0107nu Masu \u2013 Ekstrakt 90 ml","_seopress_titles_desc":"Crna maka doprinosi snazi, rastu mi\u0161i\u0107a i izdr\u017eljivosti. Poma\u017ee telu da se oporavi i funkcioni\u0161e sna\u017eno \u2013 bez nuspojava.","_seopress_robots_index":"","inline_featured_image":false},"product_brand":[],"product_cat":[4594],"product_tag":[462,4664,4621],"class_list":{"0":"post-603","1":"product","2":"type-product","3":"status-publish","4":"has-post-thumbnail","6":"product_cat-specijalni-suplementi","7":"product_tag-hronicni-umor","8":"product_tag-iscrpljenost","9":"product_tag-misicna-masa","11":"first","12":"instock","13":"taxable","14":"shipping-taxable","15":"purchasable","16":"product-type-simple"},"acf":[],"_links":{"self":[{"href":"https:\/\/magicnobilje.com\/bs\/wp-json\/wp\/v2\/product\/603","targetHints":{"allow":["GET"]}}],"collection":[{"href":"https:\/\/magicnobilje.com\/bs\/wp-json\/wp\/v2\/product"}],"about":[{"href":"https:\/\/magicnobilje.com\/bs\/wp-json\/wp\/v2\/types\/product"}],"wp:featuredmedia":[{"embeddable":true,"href":"https:\/\/magicnobilje.com\/bs\/wp-json\/wp\/v2\/media\/2869"}],"wp:attachment":[{"href":"https:\/\/magicnobilje.com\/bs\/wp-json\/wp\/v2\/media?parent=603"}],"wp:term":[{"taxonomy":"product_brand","embeddable":true,"href":"https:\/\/magicnobilje.com\/bs\/wp-json\/wp\/v2\/product_brand?post=603"},{"taxonomy":"product_cat","embeddable":true,"href":"https:\/\/magicnobilje.com\/bs\/wp-json\/wp\/v2\/product_cat?post=603"},{"taxonomy":"product_tag","embeddable":true,"href":"https:\/\/magicnobilje.com\/bs\/wp-json\/wp\/v2\/product_tag?post=603"}],"curies":[{"name":"wp","href":"https:\/\/api.w.org\/{rel}","templated":true}]}}