{"id":1115,"date":"2023-09-05T00:00:00","date_gmt":"2023-09-04T22:00:00","guid":{"rendered":"https:\/\/magicnobilje.com\/proizvod\/endonorm-90-kapsula\/"},"modified":"2025-09-01T14:06:31","modified_gmt":"2025-09-01T12:06:31","slug":"endonorm-preparat-90-kapsula","status":"publish","type":"product","link":"https:\/\/magicnobilje.com\/bs\/proizvod\/endonorm-preparat-90-kapsula\/","title":{"rendered":"ENDONORM \u00ae \u2013 nehormonski preparat za zdravlje \u0161titne \u017elezde"},"content":{"rendered":"<h2 data-start=\"142\" data-end=\"195\"><strong data-start=\"147\" data-end=\"193\">ENDONORM \u00ae\u2013 prirodna podr\u0161ka \u0161titnoj \u017elezdi<\/strong><\/h2>\n<p data-start=\"197\" data-end=\"402\"><strong>ENDONORM \u00ae<\/strong> je efikasan preparat od <strong data-start=\"234\" data-end=\"260\">100% biljnih supstanci<\/strong>, bez dodatih hormona. Deluje na <strong data-start=\"293\" data-end=\"369\">spre\u010davanje i eliminisanje poreme\u0107aja \u0161titne \u017elezde i endokrinog sistema<\/strong>.<\/p>\n<h3 data-start=\"197\" data-end=\"402\">ENDONORM \u00ae se posebno preporu\u010duje:<\/h3>\n<ul data-start=\"404\" data-end=\"758\">\n<li data-start=\"404\" data-end=\"472\">\n<p data-start=\"406\" data-end=\"472\">Osobama sa dijagnoznom autoimunog tireoiditisa (Ha\u0161imoto sindroma)<\/p>\n<\/li>\n<li data-start=\"473\" data-end=\"548\">\n<p data-start=\"475\" data-end=\"548\">Kod <span style=\"letter-spacing: 0.6px;\">eutireoidne strume (difuzna ili \u010dvorasta)<\/span><\/p>\n<\/li>\n<li data-start=\"549\" data-end=\"618\">\n<p data-start=\"551\" data-end=\"618\">Osobama sa hipo ili hiper funkcijom \u0161titne \u017elezde<\/p>\n<\/li>\n<li data-start=\"619\" data-end=\"676\">\n<p data-start=\"621\" data-end=\"676\">Osobama sa vi\u0161kom kilograma i metaboli\u010dkim ili hormonskim poreme\u0107ajima<\/p>\n<\/li>\n<li data-start=\"677\" data-end=\"758\">\n<p data-start=\"679\" data-end=\"758\">\u017denama u menopauzi sa oslabljenom funkcijom \u0161titne \u017elezde<\/p>\n<\/li>\n<\/ul>\n<h2 data-start=\"765\" data-end=\"802\"><strong data-start=\"771\" data-end=\"800\">Glavni sastojci i dejstvo ENDONORM \u00ae-a:\u00a0<\/strong><\/h2>\n<p data-start=\"804\" data-end=\"848\">1. <strong data-start=\"811\" data-end=\"846\">Bela ste\u017ea (Potentilla alba L.)<\/strong><\/p>\n<ul data-start=\"849\" data-end=\"1031\">\n<li data-start=\"849\" data-end=\"888\">\n<p data-start=\"851\" data-end=\"888\">Normalizuje sintezu hormona T3 i T4<\/p>\n<\/li>\n<li data-start=\"889\" data-end=\"956\">\n<p data-start=\"891\" data-end=\"956\">Podsti\u010de regeneraciju tkiva \u0161titne \u017elezde i smanjuje zapaljenja<\/p>\n<\/li>\n<li data-start=\"957\" data-end=\"1031\">\n<p data-start=\"959\" data-end=\"1031\">Deluje adaptogeno \u2013 poma\u017ee i kod <strong data-start=\"993\" data-end=\"1029\">hipotireoze i blage hipertireoze<\/strong><\/p>\n<\/li>\n<\/ul>\n<p data-start=\"1033\" data-end=\"1076\">2. <strong data-start=\"1040\" data-end=\"1074\">Troskot (Bidens tripartita L.)<\/strong><\/p>\n<ul data-start=\"1077\" data-end=\"1210\">\n<li data-start=\"1077\" data-end=\"1109\">\n<p data-start=\"1079\" data-end=\"1109\">Deluje kao imunomodulator<\/p>\n<\/li>\n<li data-start=\"1110\" data-end=\"1163\">\n<p data-start=\"1112\" data-end=\"1163\">Ubla\u017eava autoimuni napad kod Ha\u0161imotovog sindroma<\/p>\n<\/li>\n<li data-start=\"1164\" data-end=\"1210\">\n<p data-start=\"1166\" data-end=\"1210\">Poma\u017ee eliminaciju te\u0161kih metala i toksina<\/p>\n<\/li>\n<\/ul>\n<p data-start=\"1212\" data-end=\"1255\">3. <strong data-start=\"1219\" data-end=\"1253\">Sladi\u0107 (Glycyrrhiza glabra L.)<\/strong><\/p>\n<ul data-start=\"1256\" data-end=\"1390\">\n<li data-start=\"1256\" data-end=\"1296\">\n<p data-start=\"1258\" data-end=\"1296\">Adaptogen i regulator hormona stresa<\/p>\n<\/li>\n<li data-start=\"1297\" data-end=\"1347\">\n<p data-start=\"1299\" data-end=\"1347\">Podr\u017eava nadbubre\u017ene \u017elezde i endokrini sistem<\/p>\n<\/li>\n<li data-start=\"1348\" data-end=\"1390\">\n<p data-start=\"1350\" data-end=\"1390\">Smanjuje upale i autoimuni proces<\/p>\n<\/li>\n<\/ul>\n<p data-start=\"1392\" data-end=\"1439\">4. <strong data-start=\"1399\" data-end=\"1437\">Morske alge (Laminaria saccharina)<\/strong><\/p>\n<ul data-start=\"1440\" data-end=\"1566\">\n<li data-start=\"1440\" data-end=\"1479\">\n<p data-start=\"1442\" data-end=\"1479\">Prirodni izvor bioraspolo\u017eivog joda<\/p>\n<\/li>\n<li data-start=\"1480\" data-end=\"1517\">\n<p data-start=\"1482\" data-end=\"1517\">Spre\u010dava strumu i nedostatak joda<\/p>\n<\/li>\n<li data-start=\"1518\" data-end=\"1566\">\n<p data-start=\"1520\" data-end=\"1566\">Deluje blago i bez optere\u0107enja \u0161titne \u017elezde<\/p>\n<\/li>\n<\/ul>\n<p data-start=\"1819\" data-end=\"2031\">Ukratko: <strong data-start=\"1831\" data-end=\"1908\">Endonorm je jedinstven prirodni preparat za regulaciju rada \u0161titne \u017elezde<\/strong>, namenjen svima koji \u017eele zdrav hormonski balans, vi\u0161e energije i za\u0161titu od autoimunih i metaboli\u010dkih poreme\u0107aja.<\/p>\n","protected":false},"excerpt":{"rendered":"<p><span class=\"relative -mx-px my-[-0.2rem] rounded px-px py-[0.2rem] transition-colors duration-100 ease-in-out\"><strong data-start=\"0\" data-end=\"12\" data-is-only-node=\"\">Endonorm<\/strong> je 100% biljni dodatak ishrani iz Rusije, namenjen normalizaciji funkcije \u0161titne \u017elezde, posebno kod stanja poput hipotireoze, Ha\u0161imoto tiroiditisa, eutireoidne strume i menopauzalnih hormonskih disbalansa.<\/span><span class=\"relative -mx-px my-[-0.2rem] rounded px-px py-[0.2rem] transition-colors duration-100 ease-in-out\">Ako ose\u0107ate <strong data-start=\"536\" data-end=\"609\">umor, imate spor metabolizam, probleme sa te\u017einom ili hormonsku neravnote\u017eu<\/strong>, Endonorm je prirodni saveznik za zdravlje va\u0161e \u0161titne \u017elezde.\u00a0<\/span><\/p>\n<p>&nbsp;<\/p>\n<p>&nbsp;<\/p>\n<p>&nbsp;<\/p>\n<p>&nbsp;<\/p>\n<p>&nbsp;<\/p>\n","protected":false},"featured_media":31987,"template":"","meta":{"_acf_changed":false,"_seopress_robots_primary_cat":"none","_seopress_titles_title":"Endonorm \u2013 prirodna podr\u0161ka za \u0161titnu \u017elezdu i hormone.","_seopress_titles_desc":"Endonorm je efikasan preparat od 100% biljnih supstanci, bez dodatih hormona. Spre\u010dava i elimini\u0161e poremec\u0301aje \u0161titne \u017elezde i endokrinog sistema.","_seopress_robots_index":"","inline_featured_image":false},"product_brand":[],"product_cat":[4587],"product_tag":[4465,476,475],"class_list":{"0":"post-1115","1":"product","2":"type-product","3":"status-publish","4":"has-post-thumbnail","6":"product_cat-ruski-premium-suplementi","7":"product_tag-hasimoto","8":"product_tag-hipotireoza","9":"product_tag-stitna-zlezda","10":"zdravstveni_problem-stitna-zlezda","12":"first","13":"instock","14":"taxable","15":"shipping-taxable","16":"purchasable","17":"product-type-simple"},"acf":[],"_links":{"self":[{"href":"https:\/\/magicnobilje.com\/bs\/wp-json\/wp\/v2\/product\/1115","targetHints":{"allow":["GET"]}}],"collection":[{"href":"https:\/\/magicnobilje.com\/bs\/wp-json\/wp\/v2\/product"}],"about":[{"href":"https:\/\/magicnobilje.com\/bs\/wp-json\/wp\/v2\/types\/product"}],"wp:featuredmedia":[{"embeddable":true,"href":"https:\/\/magicnobilje.com\/bs\/wp-json\/wp\/v2\/media\/31987"}],"wp:attachment":[{"href":"https:\/\/magicnobilje.com\/bs\/wp-json\/wp\/v2\/media?parent=1115"}],"wp:term":[{"taxonomy":"product_brand","embeddable":true,"href":"https:\/\/magicnobilje.com\/bs\/wp-json\/wp\/v2\/product_brand?post=1115"},{"taxonomy":"product_cat","embeddable":true,"href":"https:\/\/magicnobilje.com\/bs\/wp-json\/wp\/v2\/product_cat?post=1115"},{"taxonomy":"product_tag","embeddable":true,"href":"https:\/\/magicnobilje.com\/bs\/wp-json\/wp\/v2\/product_tag?post=1115"}],"curies":[{"name":"wp","href":"https:\/\/api.w.org\/{rel}","templated":true}]}}