{"id":1059,"date":"2023-09-05T00:00:00","date_gmt":"2023-09-04T22:00:00","guid":{"rendered":"https:\/\/magicnobilje.com\/proizvod\/5-htp-100mg-60-kapsula\/"},"modified":"2026-03-20T19:13:40","modified_gmt":"2026-03-20T18:13:40","slug":"88-herbs-5-htp-prirodna-podrska-za-raspolozenje-san-i-balans-nervnog-sistema","status":"publish","type":"product","link":"https:\/\/magicnobilje.com\/bs\/proizvod\/88-herbs-5-htp-prirodna-podrska-za-raspolozenje-san-i-balans-nervnog-sistema\/","title":{"rendered":"88 Herbs 5-HTP \u2013 prirodna podr\u0161ka za raspolo\u017eenje, san i balans nervnog sistema"},"content":{"rendered":"<h2 data-start=\"210\" data-end=\"358\">Ako se borite sa nesanicom, depresivnim raspolo\u017eenjem, anksiozno\u0161\u0107u, stresom, migrenama ili poja\u010danim apetitom, prirodno re\u0161enje je 5-HTP.<\/h2>\n<h3 data-start=\"585\" data-end=\"646\">1. 5-HTP Pobolj\u0161ava raspolo\u017eenje i smanjuje simptome depresije<\/h3>\n<ul data-start=\"647\" data-end=\"796\">\n<li data-start=\"647\" data-end=\"733\">\n<p data-start=\"649\" data-end=\"733\">Pove\u0107ava nivo serotonina u mozgu, \u0161to doprinosi ose\u0107aju smirenosti i zadovoljstva.<\/p>\n<\/li>\n<li data-start=\"734\" data-end=\"796\">\n<p data-start=\"736\" data-end=\"796\">Mo\u017ee biti prirodna podr\u0161ka kod blage do umerene depresije.<\/p>\n<\/li>\n<\/ul>\n<h3 data-start=\"798\" data-end=\"838\">2.\u00a05-HTP Poma\u017ee kod anksioznosti i stresa<\/h3>\n<ul data-start=\"839\" data-end=\"932\">\n<li data-start=\"839\" data-end=\"896\">\n<p data-start=\"841\" data-end=\"896\">Deluje umiruju\u0107e, smanjuje napetost i ose\u0107aj nervoze.<\/p>\n<\/li>\n<li data-start=\"897\" data-end=\"932\">\n<p data-start=\"899\" data-end=\"932\">Podr\u017eava balans hormona stresa.<\/p>\n<\/li>\n<\/ul>\n<h3 data-start=\"934\" data-end=\"965\">3. 5-HTP Reguli\u0161e san i nesanicu<\/h3>\n<ul data-start=\"966\" data-end=\"1111\">\n<li data-start=\"966\" data-end=\"1045\">\n<p data-start=\"968\" data-end=\"1045\">Kako se serotonin pretvara u melatonin, 5-HTP mo\u017ee pobolj\u0161ati kvalitet sna.<\/p>\n<\/li>\n<li data-start=\"1046\" data-end=\"1111\">\n<p data-start=\"1048\" data-end=\"1111\">Smanjuje vreme potrebno da se zaspi i produ\u017eava REM fazu sna.<\/p>\n<\/li>\n<\/ul>\n<h3 data-start=\"1240\" data-end=\"1290\">4. 5-HTP Kontrola apetita i podr\u0161ka pri mr\u0161avljenju<\/h3>\n<ul data-start=\"1291\" data-end=\"1381\">\n<li data-start=\"1291\" data-end=\"1381\">\n<p data-start=\"1293\" data-end=\"1381\">Serotonin uti\u010de na ose\u0107aj sitosti i smanjuje \u017eelju za ugljenim hidratima i slatki\u0161ima.<\/p>\n<\/li>\n<\/ul>\n<p>Ovaj dijetetski suplement vrhunskog kvaliteta doprinosi mentalnoj ravnote\u017ei, brzo podi\u017ee nivo energije i smanjuje ose\u0107aj zamora.<\/p>\n<p>5-HTP brenda 88Herbs je najvi\u0161eg kvaliteta koji postoji na tr\u017ei\u0161tu, iz <strong>100% prirodnog izvora<\/strong>. 88Herbs izdvaja molekul 5-HTP direktno iz biljke Griffonia simplicifolia umesto sinteti\u010dke proizvodnje i obezbe\u0111uje da <strong>je farmaceutski razred 5-HTPa<\/strong> sa <strong>preko 99% \u010disto\u0107e. <\/strong>Na\u0161 5-HTP je inkapsuliran u \u010distu <strong>vegetarijansku kapsulu<\/strong> \u2013 bez dodatog magnezijum stearata ili drugih \u0161tetnih hemikalija.<\/p>\n<p>&nbsp;<\/p>\n","protected":false},"excerpt":{"rendered":"<article class=\"text-token-text-primary w-full focus:outline-none scroll-mt-[calc(var(--header-height)+min(200px,max(70px,20svh)))]\" dir=\"auto\" tabindex=\"-1\" data-turn-id=\"request-WEB:8f63bc8e-8792-42e5-bb24-d5b80e058204-4\" data-testid=\"conversation-turn-10\" data-scroll-anchor=\"true\" data-turn=\"assistant\">\n<div class=\"text-base my-auto mx-auto pb-10 [--thread-content-margin:--spacing(4)] @[37rem]:[--thread-content-margin:--spacing(6)] @[72rem]:[--thread-content-margin:--spacing(16)] px-(--thread-content-margin)\">\n<div class=\"[--thread-content-max-width:32rem] @[34rem]:[--thread-content-max-width:40rem] @[64rem]:[--thread-content-max-width:48rem] mx-auto max-w-(--thread-content-max-width) flex-1 group\/turn-messages focus-visible:outline-hidden relative flex w-full min-w-0 flex-col agent-turn\" tabindex=\"-1\">\n<div class=\"flex max-w-full flex-col grow\">\n<div class=\"min-h-8 text-message relative flex w-full flex-col items-end gap-2 text-start break-words whitespace-normal [.text-message+&amp;]:mt-5\" dir=\"auto\" data-message-author-role=\"assistant\" data-message-id=\"4b7451ab-f5fc-4ebc-95ce-5f2bb6cb765f\" data-message-model-slug=\"gpt-5\">\n<div class=\"flex w-full flex-col gap-1 empty:hidden first:pt-[3px]\">\n<div class=\"markdown prose dark:prose-invert w-full break-words light markdown-new-styling\">\n<p data-start=\"45\" data-end=\"199\" data-is-last-node=\"\" data-is-only-node=\"\"><strong data-start=\"45\" data-end=\"197\">Pobolj\u0161ajte raspolo\u017eenje, smanjite stres i nesanicu \u2013 prirodnim putem, bez lekova. 5-HTP podi\u017ee serotonin za bolji san, miran um i kontrolu apetita.<\/strong><\/p>\n<\/div>\n<\/div>\n<\/div>\n<\/div>\n<div class=\"flex min-h-[46px] justify-start\"><\/div>\n<div class=\"mt-3 w-full empty:hidden\">\n<div class=\"text-center\"><\/div>\n<\/div>\n<\/div>\n<\/div>\n<\/article>\n<div class=\"pointer-events-none h-px w-px\" aria-hidden=\"true\" data-edge=\"true\"><\/div>\n","protected":false},"featured_media":2953,"template":"","meta":{"_acf_changed":false,"_seopress_robots_primary_cat":"none","_seopress_titles_title":"5-HTP \u2013 prirodni dodatak za san, raspolo\u017eenje i energiju","_seopress_titles_desc":"5-HTP podi\u017ee serotonin, pobolj\u0161ava san i raspolo\u017eenje, smanjuje stres i apetit. Prirodna podr\u0161ka kod depresije, anksioznosti i migrene.","_seopress_robots_index":"","inline_featured_image":false},"product_brand":[4750],"product_cat":[4594],"product_tag":[219,171,221],"class_list":{"0":"post-1059","1":"product","2":"type-product","3":"status-publish","4":"has-post-thumbnail","6":"product_brand-88-herbs","7":"product_cat-specijalni-suplementi","8":"product_tag-apetit","9":"product_tag-nesanica","10":"product_tag-raspolozenje","12":"first","13":"instock","14":"taxable","15":"shipping-taxable","16":"purchasable","17":"product-type-simple"},"acf":[],"_links":{"self":[{"href":"https:\/\/magicnobilje.com\/bs\/wp-json\/wp\/v2\/product\/1059","targetHints":{"allow":["GET"]}}],"collection":[{"href":"https:\/\/magicnobilje.com\/bs\/wp-json\/wp\/v2\/product"}],"about":[{"href":"https:\/\/magicnobilje.com\/bs\/wp-json\/wp\/v2\/types\/product"}],"wp:featuredmedia":[{"embeddable":true,"href":"https:\/\/magicnobilje.com\/bs\/wp-json\/wp\/v2\/media\/2953"}],"wp:attachment":[{"href":"https:\/\/magicnobilje.com\/bs\/wp-json\/wp\/v2\/media?parent=1059"}],"wp:term":[{"taxonomy":"product_brand","embeddable":true,"href":"https:\/\/magicnobilje.com\/bs\/wp-json\/wp\/v2\/product_brand?post=1059"},{"taxonomy":"product_cat","embeddable":true,"href":"https:\/\/magicnobilje.com\/bs\/wp-json\/wp\/v2\/product_cat?post=1059"},{"taxonomy":"product_tag","embeddable":true,"href":"https:\/\/magicnobilje.com\/bs\/wp-json\/wp\/v2\/product_tag?post=1059"}],"curies":[{"name":"wp","href":"https:\/\/api.w.org\/{rel}","templated":true}]}}