{"id":1784,"date":"2023-07-07T14:32:35","date_gmt":"2023-07-07T12:32:35","guid":{"rendered":"https:\/\/magicnobilje.com\/politika-dostave\/"},"modified":"2023-09-26T14:19:59","modified_gmt":"2023-09-26T12:19:59","slug":"politika-dostave","status":"publish","type":"page","link":"https:\/\/magicnobilje.com\/bs\/politika-dostave\/","title":{"rendered":"Politika dostave"},"content":{"rendered":"<h3><b>Informacije o dostavi:<\/b><\/h3>\n<p>Internet prodavnica\u00a0<a href=\"https:\/\/www.oliva.rs\/\" target=\"_blank\" rel=\"noopener\" data-saferedirecturl=\"https:\/\/www.google.com\/url?q=https:\/\/www.oliva.rs\/&amp;source=gmail&amp;ust=1695126422820000&amp;usg=AOvVaw1rwTkkqa7ANynaO9P_zifG\">www.<\/a><a href=\"http:\/\/magicnobilje.com\" target=\"_blank\" rel=\"noopener\" data-saferedirecturl=\"https:\/\/www.google.com\/url?q=http:\/\/magicnobilje.com&amp;source=gmail&amp;ust=1695126422820000&amp;usg=AOvVaw3Jf5UY2wL26c6jwOPIK-eu\">magicnobiljesho<wbr \/>p.com<\/a> kojom upravlja privredno dru\u0161tvo MAGI\u010cNO BILJE DOO,\u00a0 ima potpisan ugovor sa D EXPRESS D.O.O. kurirskom slu\u017ebom putem koje se vr\u0161i dostava na teritoriji Republike Srbije.<\/p>\n<p>Za sve narud\u017ebine van teritorije Republike Srbije, dostava se vr\u0161i putem usluge PO\u0160TE SRBIJE za inostranstvo.<\/p>\n<p>&nbsp;<\/p>\n<h3>Rokovi dostave<\/h3>\n<p>Nakon \u0161to ste potvrdili narud\u017ebinu, dobi\u0107ete potvrdu naru\u010denih proizvoda na Va\u0161u e-mail adresu koju ste naveli prilikom kreiranja narud\u017ebine. Od tog trenutka za sve narud\u017ebine primljene do 14 \u010dasova od ponedeljka do petka, po\u0161iljka \u0107e biti poslata istog dana.<\/p>\n<p>Okvirni rok isporuke je od 2 do 5 radnih dana za celu teritoriju Republike Srbije. Uobi\u010dajeno vreme za dostavu je 1 do 2 radna dana. U slu\u010daju da je narud\u017ebina izvr\u0161ena preko vikenda (subotom i nedeljom), dostava se vr\u0161i kao i za narud\u017ebine primljene u ponedeljak &#8211; dakle idu\u0107i radni dan.<\/p>\n<p>Isporuke se ne vr\u0161e subotom i nedeljom.<\/p>\n<p>&nbsp;<\/p>\n<h3>Preuzimanje po\u0161iljke<\/h3>\n<p>Kuriri po\u0161iljke donose na adresu za isporuku u periodu od 8-15 h radnim danima. Molimo Vas da u tom periodu obezbedite da na adresi bude osoba koja mo\u017ee preuzeti po\u0161iljku.<\/p>\n<p>Artikli \u0107e biti zapakovani tako da ne mogu biti o\u0161te\u0107eni uobi\u010dajenim rukovanjem robom u transportu. Prilikom preuzimanja po\u0161iljke potrebno je da vizuelno pregledate paket da slu\u010dajno ne postoje neka vidna o\u0161te\u0107enja. Ukoliko primetite da je transportna kutija zna\u010dajno o\u0161te\u0107ena i posumnjate da je proizvod mo\u017eda o\u0161te\u0107en, odbijte prijem po\u0161iljke i odmah nas obavestite.<\/p>\n<p>Kurir svaku po\u0161iljku poku\u0161ava da uru\u010di u dva navrata. Uobi\u010dajena praksa je da Vas, ukoliko prva isporuka bude neuspe\u0161na, kurir pozove na telefon koji ste ostavili prilikom kreiranja narud\u017ebenice i ugovori novi termin za dostavu. Ukoliko Vas i tada ne prona\u0111e na adresi, po\u0161iljka \u0107e nam biti vra\u0107ena.<\/p>\n<p>Po prijemu po\u0161iljke, kontaktira\u0107emo Vas kako bi ustanovili razlog neuru\u010denja i dogovoriti se o ponovnom slanju.<\/p>\n<p>&nbsp;<\/p>\n<h3>Cena dostave za teritoriju Republike Srbije<\/h3>\n<p>Cena dostave za sve ONLINE porud\u017ebine preko 5.000,00 RSD je besplatna! Za ONLINE porud\u017ebine ispod 5.000,00 RSD, dostava se napla\u0107uje 380,00 RSD.<\/p>\n","protected":false},"excerpt":{"rendered":"<p>Informacije o dostavi: Internet prodavnica\u00a0www.magicnobiljeshop.com kojom upravlja privredno dru\u0161tvo MAGI\u010cNO BILJE DOO,\u00a0 ima potpisan ugovor sa D EXPRESS D.O.O. kurirskom slu\u017ebom putem koje se vr\u0161i dostava na teritoriji Republike Srbije. Za sve narud\u017ebine van teritorije Republike Srbije, dostava se vr\u0161i putem usluge PO\u0160TE SRBIJE za inostranstvo. &nbsp; Rokovi dostave Nakon \u0161to ste potvrdili narud\u017ebinu, dobi\u0107ete [&hellip;]<\/p>\n","protected":false},"author":2,"featured_media":0,"parent":0,"menu_order":0,"comment_status":"closed","ping_status":"closed","template":"","meta":{"_acf_changed":false,"_seopress_robots_primary_cat":"","_seopress_titles_title":"","_seopress_titles_desc":"","_seopress_robots_index":"","inline_featured_image":false,"footnotes":""},"class_list":["post-1784","page","type-page","status-publish","hentry"],"acf":[],"_links":{"self":[{"href":"https:\/\/magicnobilje.com\/bs\/wp-json\/wp\/v2\/pages\/1784","targetHints":{"allow":["GET"]}}],"collection":[{"href":"https:\/\/magicnobilje.com\/bs\/wp-json\/wp\/v2\/pages"}],"about":[{"href":"https:\/\/magicnobilje.com\/bs\/wp-json\/wp\/v2\/types\/page"}],"author":[{"embeddable":true,"href":"https:\/\/magicnobilje.com\/bs\/wp-json\/wp\/v2\/users\/2"}],"replies":[{"embeddable":true,"href":"https:\/\/magicnobilje.com\/bs\/wp-json\/wp\/v2\/comments?post=1784"}],"version-history":[{"count":2,"href":"https:\/\/magicnobilje.com\/bs\/wp-json\/wp\/v2\/pages\/1784\/revisions"}],"predecessor-version":[{"id":1786,"href":"https:\/\/magicnobilje.com\/bs\/wp-json\/wp\/v2\/pages\/1784\/revisions\/1786"}],"wp:attachment":[{"href":"https:\/\/magicnobilje.com\/bs\/wp-json\/wp\/v2\/media?parent=1784"}],"curies":[{"name":"wp","href":"https:\/\/api.w.org\/{rel}","templated":true}]}}