{"id":1505,"date":"2023-06-07T10:29:22","date_gmt":"2023-06-07T08:29:22","guid":{"rendered":"https:\/\/magicnobilje.com\/o-nama-prevedeno\/"},"modified":"2023-09-20T10:15:49","modified_gmt":"2023-09-20T08:15:49","slug":"o-nama-prevedeno","status":"publish","type":"page","link":"https:\/\/magicnobilje.com\/bs\/o-nama-prevedeno\/","title":{"rendered":"O nama"},"content":{"rendered":"<h2>Vodi\u010d za zdrav \u017eivot<\/h2>\n<p>Magi\u010dno bilje je uvoznik i distributer dodataka ishrani iz razli\u010ditih delova sveta i izdava\u010d \u010dasopisa Magi\u010dno bilje. Prisutni smo na tr\u017ei\u0161tu Srbije, Ex Yu zemalja, Nema\u010dke, Austrije, \u0160vajcarske i Kanade od 2005. godine. Dugogodi\u0161nji smo nosioci sertifikata EXCELLENT Privredne komore Srbije za mala i srednja preduze\u0107a. U na\u0161im biljnim centrima u centru Beograda mo\u017eete na\u0107i najbolji izbor meda i dodataka ishrani odobrenih od strane Ministarstva zdravlja.<\/p>\n<p>Izdava\u010d: Magi\u010dno bilje d.o.o, Maksima Gorkog 25, Beograd<\/p>\n<p>Direktor: Maja Veselinovi\u0107<\/p>\n<p>PIB: 104761977<\/p>\n<p>MB: 20233419<\/p>\n<p>Direkcija: 011\/328-54-41<\/p>\n<p>E-mail: office@magicnobilje.com<\/p>\n<p>&nbsp;<\/p>\n","protected":false},"excerpt":{"rendered":"<p>Vodi\u010d za zdrav \u017eivot Magi\u010dno bilje je uvoznik i distributer dodataka ishrani iz razli\u010ditih delova sveta i izdava\u010d \u010dasopisa Magi\u010dno bilje. Prisutni smo na tr\u017ei\u0161tu Srbije, Ex Yu zemalja, Nema\u010dke, Austrije, \u0160vajcarske i Kanade od 2005. godine. Dugogodi\u0161nji smo nosioci sertifikata EXCELLENT Privredne komore Srbije za mala i srednja preduze\u0107a. U na\u0161im biljnim centrima u [&hellip;]<\/p>\n","protected":false},"author":2,"featured_media":1659,"parent":0,"menu_order":0,"comment_status":"closed","ping_status":"closed","template":"","meta":{"_acf_changed":false,"_seopress_robots_primary_cat":"","_seopress_titles_title":"","_seopress_titles_desc":"","_seopress_robots_index":"","inline_featured_image":false,"footnotes":""},"class_list":["post-1505","page","type-page","status-publish","has-post-thumbnail","hentry"],"acf":[],"_links":{"self":[{"href":"https:\/\/magicnobilje.com\/bs\/wp-json\/wp\/v2\/pages\/1505","targetHints":{"allow":["GET"]}}],"collection":[{"href":"https:\/\/magicnobilje.com\/bs\/wp-json\/wp\/v2\/pages"}],"about":[{"href":"https:\/\/magicnobilje.com\/bs\/wp-json\/wp\/v2\/types\/page"}],"author":[{"embeddable":true,"href":"https:\/\/magicnobilje.com\/bs\/wp-json\/wp\/v2\/users\/2"}],"replies":[{"embeddable":true,"href":"https:\/\/magicnobilje.com\/bs\/wp-json\/wp\/v2\/comments?post=1505"}],"version-history":[{"count":1,"href":"https:\/\/magicnobilje.com\/bs\/wp-json\/wp\/v2\/pages\/1505\/revisions"}],"predecessor-version":[{"id":1506,"href":"https:\/\/magicnobilje.com\/bs\/wp-json\/wp\/v2\/pages\/1505\/revisions\/1506"}],"wp:featuredmedia":[{"embeddable":true,"href":"https:\/\/magicnobilje.com\/bs\/wp-json\/wp\/v2\/media\/1659"}],"wp:attachment":[{"href":"https:\/\/magicnobilje.com\/bs\/wp-json\/wp\/v2\/media?parent=1505"}],"curies":[{"name":"wp","href":"https:\/\/api.w.org\/{rel}","templated":true}]}}